{"id":8602,"date":"2025-07-25T14:12:32","date_gmt":"2025-07-25T12:12:32","guid":{"rendered":"https:\/\/basin.be\/?page_id=8602"},"modified":"2025-08-21T12:52:15","modified_gmt":"2025-08-21T10:52:15","slug":"buitenkant","status":"publish","type":"page","link":"https:\/\/basin.be\/nl\/exterieur\/","title":{"rendered":"Buitenkant"},"content":{"rendered":"\t\t<div data-elementor-type=\"wp-page\" data-elementor-id=\"8602\" class=\"elementor elementor-8602\" data-elementor-post-type=\"page\">\n\t\t\t\t<div class=\"elementor-element elementor-element-f3cde71 e-con-full e-flex e-con e-parent\" data-id=\"f3cde71\" data-element_type=\"container\" data-e-type=\"container\">\n\t\t\t\t<div class=\"elementor-element elementor-element-07a805d elementor-widget__width-auto elementor-widget elementor-widget-html\" data-id=\"07a805d\" data-element_type=\"widget\" data-e-type=\"widget\" data-widget_type=\"html.default\">\n\t\t\t\t<div class=\"elementor-widget-container\">\n\t\t\t\t\t<style>\r\n\/* Banni\u00e8re pleine largeur et hauteur ajustable *\/\r\n.banner {\r\n    position: relative;\r\n    width: 100vw; \/* Assure que la banni\u00e8re prend toute la largeur de l'\u00e9cran *\/\r\n    min-height: 30vh; \/* Hauteur minimale *\/\r\n    height: clamp(250px, 40vh, 400px); \/* Ajustable selon l'\u00e9cran *\/\r\n    background: url('https:\/\/www.basin.be\/wp-content\/uploads\/2025\/06\/ChatGPT-Image-2-juin-2025-12_09_33.jpeg') \r\n        no-repeat center center \/ cover;\r\n    display: flex;\r\n    align-items: center;\r\n    justify-content: center;\r\n    text-align: center;\r\n    overflow: hidden;\r\n}\r\n\r\n\/* Effet de d\u00e9grad\u00e9 sombre pour am\u00e9liorer la lisibilit\u00e9 *\/\r\n.banner::before {\r\n    content: \"\";\r\n    position: absolute;\r\n    width: 100%;\r\n    height: 100%;\r\n    background: linear-gradient(to bottom, rgba(0, 0, 0, 0.3), rgba(0, 0, 0, 0.6));\r\n}\r\n\r\n\/* Texte principal *\/\r\n.banner h1 {\r\n    position: relative;\r\n    font-size: clamp(2rem, 5vw, 3.5rem); \/* S'adapte selon la taille de l'\u00e9cran *\/\r\n    font-weight: bold;\r\n    color: white;\r\n    text-transform: uppercase;\r\n    letter-spacing: 1px;\r\n    margin-bottom: 10px;\r\n    transition: transform 0.3s ease-out;\r\n}\r\n\r\n\/* Trait jaune sous le titre *\/\r\n.banner h1::after {\r\n    content: \"\";\r\n    display: block;\r\n    width: clamp(40px, 6vw, 80px); \/* Ajustement dynamique *\/\r\n    height: 4px;\r\n    background-color: #FBBA00;\r\n    margin: 10px auto 0 auto;\r\n    transition: width 0.3s ease-out;\r\n}\r\n\r\n\/* Animation au survol *\/\r\n.banner:hover h1 {\r\n    transform: scale(1.05);\r\n}\r\n\r\n.banner:hover h1::after {\r\n    width: clamp(50px, 8vw, 100px);\r\n}\r\n\r\n\/* Responsive *\/\r\n@media (max-width: 768px) {\r\n    .banner {\r\n        height: 25vh; \/* Hauteur ajust\u00e9e pour mobile *\/\r\n    }\r\n}\r\n<\/style>\r\n\r\n<div class=\"banner\">\r\n    <h1>Ext\u00e9rieur<\/h1>\r\n<\/div>\r\n\t\t\t\t<\/div>\n\t\t\t\t<\/div>\n\t\t\t\t<\/div>\n\t\t<div class=\"elementor-element elementor-element-0c3da4d e-flex e-con-boxed e-con e-parent\" data-id=\"0c3da4d\" data-element_type=\"container\" data-e-type=\"container\">\n\t\t\t\t\t<div class=\"e-con-inner\">\n\t\t\t\t<div class=\"elementor-element elementor-element-a278b99 elementor-widget__width-initial elementor-widget elementor-widget-text-editor\" data-id=\"a278b99\" data-element_type=\"widget\" data-e-type=\"widget\" data-widget_type=\"text-editor.default\">\n\t\t\t\t<div class=\"elementor-widget-container\">\n\t\t\t\t\t\t\t\t\t<p data-start=\"117\" data-end=\"458\">Sublimez vos espaces ext\u00e9rieurs avec les solutions Basin\u00ae. Con\u00e7us pour r\u00e9sister aux intemp\u00e9ries tout en valorisant l\u2019esth\u00e9tique naturelle du bois, nos produits assurent une protection durable et une finition soign\u00e9e. Que ce soit pour vos terrasses, bardages ou am\u00e9nagements en bois, optez pour la fiabilit\u00e9 et la performance au service de l\u2019ext\u00e9rieur.<\/p>\t\t\t\t\t\t\t\t<\/div>\n\t\t\t\t<\/div>\n\t\t\t\t<div class=\"elementor-element elementor-element-eb68b48 elementor-widget elementor-widget-woocommerce-breadcrumb\" data-id=\"eb68b48\" data-element_type=\"widget\" data-e-type=\"widget\" data-widget_type=\"woocommerce-breadcrumb.default\">\n\t\t\t\t<div class=\"elementor-widget-container\">\n\t\t\t\t\t<nav class=\"woocommerce-breadcrumb\" aria-label=\"Breadcrumb\">Home<\/nav>\t\t\t\t<\/div>\n\t\t\t\t<\/div>\n\t\t\t\t\t<\/div>\n\t\t\t\t<\/div>\n\t\t<div class=\"elementor-element elementor-element-fcf5a1d e-con-full e-flex e-con e-parent\" data-id=\"fcf5a1d\" data-element_type=\"container\" data-e-type=\"container\">\n\t\t<div class=\"elementor-element elementor-element-372977d e-con-full e-flex e-con e-child\" data-id=\"372977d\" data-element_type=\"container\" data-e-type=\"container\">\n\t\t\t\t<div class=\"woocommerce elementor-element elementor-element-f988564 elementor-grid-3 elementor-grid-mobile-1 elementor-grid-tablet-2 elementor-widget elementor-widget-loop-grid\" data-id=\"f988564\" data-element_type=\"widget\" data-e-type=\"widget\" data-settings=\"{&quot;_skin&quot;:&quot;product_taxonomy&quot;,&quot;template_id&quot;:&quot;1787&quot;,&quot;row_gap&quot;:{&quot;unit&quot;:&quot;px&quot;,&quot;size&quot;:50,&quot;sizes&quot;:[]},&quot;columns&quot;:3,&quot;columns_mobile&quot;:1,&quot;columns_tablet&quot;:&quot;2&quot;,&quot;edit_handle_selector&quot;:&quot;[data-elementor-type=\\&quot;loop-item\\&quot;]&quot;,&quot;row_gap_tablet&quot;:{&quot;unit&quot;:&quot;px&quot;,&quot;size&quot;:&quot;&quot;,&quot;sizes&quot;:[]},&quot;row_gap_mobile&quot;:{&quot;unit&quot;:&quot;px&quot;,&quot;size&quot;:&quot;&quot;,&quot;sizes&quot;:[]}}\" data-widget_type=\"loop-grid.product_taxonomy\">\n\t\t\t\t<div class=\"elementor-widget-container\">\n\t\t\t\t\t\t\t<div class=\"elementor-loop-container elementor-grid\" role=\"list\">\n\t\t<style id=\"loop-1787\">.elementor-1787 .elementor-element.elementor-element-c6ed8f2{--display:flex;--flex-direction:column;--container-widget-width:100%;--container-widget-height:initial;--container-widget-flex-grow:0;--container-widget-align-self:initial;--flex-wrap-mobile:wrap;border-style:none;--border-style:none;--border-radius:25px 25px 25px 25px;}.elementor-1787 .elementor-element.elementor-element-c6ed8f2.e-con{--flex-grow:0;--flex-shrink:0;}.elementor-widget-image .widget-image-caption{color:var( --e-global-color-text );font-family:var( --e-global-typography-text-font-family ), Sans-serif;font-weight:var( --e-global-typography-text-font-weight );}.elementor-1787 .elementor-element.elementor-element-05614a9:hover img{filter:brightness( 105% ) contrast( 100% ) saturate( 100% ) blur( 0px ) hue-rotate( 0deg );}.elementor-1787 .elementor-element.elementor-element-05614a9 img{transition-duration:0.1s;border-style:none;border-radius:20px 0px 20px 0px;}.elementor-widget-heading .elementor-heading-title{font-family:var( --e-global-typography-primary-font-family ), Sans-serif;font-weight:var( --e-global-typography-primary-font-weight );color:var( --e-global-color-primary );}.elementor-1787 .elementor-element.elementor-element-e318329 .elementor-heading-title{font-family:\"Poppins\", Sans-serif;font-size:19px;font-weight:400;color:var( --e-global-color-text );}.elementor-1787 .elementor-element.elementor-element-e318329 .elementor-heading-title a:hover, .elementor-1787 .elementor-element.elementor-element-e318329 .elementor-heading-title a:focus{color:var( --e-global-color-primary );}@media(min-width:768px){.elementor-1787 .elementor-element.elementor-element-c6ed8f2{--width:100%;}}@media(max-width:1024px) and (min-width:768px){.elementor-1787 .elementor-element.elementor-element-c6ed8f2{--width:100%;}}@media(max-width:1024px){.elementor-1787 .elementor-element.elementor-element-c6ed8f2{--gap:9px 0px;--row-gap:9px;--column-gap:0px;}.elementor-1787 .elementor-element.elementor-element-05614a9 img{width:100%;}.elementor-1787 .elementor-element.elementor-element-e318329 .elementor-heading-title{font-size:15px;}}@media(max-width:767px){.elementor-1787 .elementor-element.elementor-element-05614a9{text-align:start;}.elementor-1787 .elementor-element.elementor-element-05614a9 img{width:100%;border-radius:0px 0px 0px 0px;}}<\/style>\t\t<div data-elementor-type=\"loop-item\" data-elementor-id=\"1787\" class=\"elementor elementor-1787 e-loop-item e-loop-item-73 post-73 wp_font_face type-wp_font_face status-publish hentry\" data-elementor-post-type=\"elementor_library\" data-custom-edit-handle=\"1\">\n\t\t\t<div class=\"elementor-element elementor-element-c6ed8f2 e-con-full e-flex e-con e-parent\" data-id=\"c6ed8f2\" data-element_type=\"container\" data-e-type=\"container\">\n\t\t\t\t<div class=\"elementor-element elementor-element-05614a9 elementor-widget elementor-widget-image\" data-id=\"05614a9\" data-element_type=\"widget\" data-e-type=\"widget\" data-widget_type=\"image.default\">\n\t\t\t\t<div class=\"elementor-widget-container\">\n\t\t\t\t\t\t\t\t\t\t\t\t\t\t\t\t<a href=\"https:\/\/basin.be\/nl\/categorie-produit\/exterieur\/vernis\/\">\n\t\t\t\t\t\t\t<img fetchpriority=\"high\" decoding=\"async\" width=\"1024\" height=\"1024\" src=\"https:\/\/basin.be\/wp-content\/uploads\/2025\/06\/a0ca6cc3-6076-4bcb-97b6-b064172ff95f-1.png\" class=\"elementor-animation-bob attachment-full size-full wp-image-7077\" alt=\"\" srcset=\"https:\/\/basin.be\/wp-content\/uploads\/2025\/06\/a0ca6cc3-6076-4bcb-97b6-b064172ff95f-1.png 1024w, https:\/\/basin.be\/wp-content\/uploads\/2025\/06\/a0ca6cc3-6076-4bcb-97b6-b064172ff95f-1-300x300.png 300w, https:\/\/basin.be\/wp-content\/uploads\/2025\/06\/a0ca6cc3-6076-4bcb-97b6-b064172ff95f-1-150x150.png 150w, https:\/\/basin.be\/wp-content\/uploads\/2025\/06\/a0ca6cc3-6076-4bcb-97b6-b064172ff95f-1-768x768.png 768w, https:\/\/basin.be\/wp-content\/uploads\/2025\/06\/a0ca6cc3-6076-4bcb-97b6-b064172ff95f-1-600x600.png 600w, https:\/\/basin.be\/wp-content\/uploads\/2025\/06\/a0ca6cc3-6076-4bcb-97b6-b064172ff95f-1-100x100.png 100w, https:\/\/basin.be\/wp-content\/uploads\/2025\/06\/a0ca6cc3-6076-4bcb-97b6-b064172ff95f-1-64x64.png 64w\" sizes=\"(max-width: 1024px) 100vw, 1024px\" \/>\t\t\t\t\t\t\t\t<\/a>\n\t\t\t\t\t\t\t\t\t\t\t\t\t\t\t<\/div>\n\t\t\t\t<\/div>\n\t\t\t\t<div class=\"elementor-element elementor-element-e318329 elementor-widget elementor-widget-heading\" data-id=\"e318329\" data-element_type=\"widget\" data-e-type=\"widget\" data-widget_type=\"heading.default\">\n\t\t\t\t<div class=\"elementor-widget-container\">\n\t\t\t\t\t<h2 class=\"elementor-heading-title elementor-size-default\"><a href=\"https:\/\/basin.be\/nl\/categorie-produit\/exterieur\/vernis\/\">Vernis<\/a><\/h2>\t\t\t\t<\/div>\n\t\t\t\t<\/div>\n\t\t\t\t<\/div>\n\t\t\t\t<\/div>\n\t\t\t\t<div data-elementor-type=\"loop-item\" data-elementor-id=\"1787\" class=\"elementor elementor-1787 e-loop-item e-loop-item-70 post-70 wp_font_face type-wp_font_face status-publish hentry\" data-elementor-post-type=\"elementor_library\" data-custom-edit-handle=\"1\">\n\t\t\t<div class=\"elementor-element elementor-element-c6ed8f2 e-con-full e-flex e-con e-parent\" data-id=\"c6ed8f2\" data-element_type=\"container\" data-e-type=\"container\">\n\t\t\t\t<div class=\"elementor-element elementor-element-05614a9 elementor-widget elementor-widget-image\" data-id=\"05614a9\" data-element_type=\"widget\" data-e-type=\"widget\" data-widget_type=\"image.default\">\n\t\t\t\t<div class=\"elementor-widget-container\">\n\t\t\t\t\t\t\t\t\t\t\t\t\t\t\t\t<a href=\"https:\/\/basin.be\/nl\/categorie-produit\/exterieur\/protection\/\">\n\t\t\t\t\t\t\t<img decoding=\"async\" width=\"1024\" height=\"1024\" src=\"https:\/\/basin.be\/wp-content\/uploads\/2025\/06\/9849cb3c-d6fb-44ee-8d18-571fa71dc77e-1.png\" class=\"elementor-animation-bob attachment-full size-full wp-image-7078\" alt=\"\" srcset=\"https:\/\/basin.be\/wp-content\/uploads\/2025\/06\/9849cb3c-d6fb-44ee-8d18-571fa71dc77e-1.png 1024w, https:\/\/basin.be\/wp-content\/uploads\/2025\/06\/9849cb3c-d6fb-44ee-8d18-571fa71dc77e-1-300x300.png 300w, https:\/\/basin.be\/wp-content\/uploads\/2025\/06\/9849cb3c-d6fb-44ee-8d18-571fa71dc77e-1-150x150.png 150w, https:\/\/basin.be\/wp-content\/uploads\/2025\/06\/9849cb3c-d6fb-44ee-8d18-571fa71dc77e-1-768x768.png 768w, https:\/\/basin.be\/wp-content\/uploads\/2025\/06\/9849cb3c-d6fb-44ee-8d18-571fa71dc77e-1-600x600.png 600w, https:\/\/basin.be\/wp-content\/uploads\/2025\/06\/9849cb3c-d6fb-44ee-8d18-571fa71dc77e-1-100x100.png 100w, https:\/\/basin.be\/wp-content\/uploads\/2025\/06\/9849cb3c-d6fb-44ee-8d18-571fa71dc77e-1-64x64.png 64w\" sizes=\"(max-width: 1024px) 100vw, 1024px\" \/>\t\t\t\t\t\t\t\t<\/a>\n\t\t\t\t\t\t\t\t\t\t\t\t\t\t\t<\/div>\n\t\t\t\t<\/div>\n\t\t\t\t<div class=\"elementor-element elementor-element-e318329 elementor-widget elementor-widget-heading\" data-id=\"e318329\" data-element_type=\"widget\" data-e-type=\"widget\" data-widget_type=\"heading.default\">\n\t\t\t\t<div class=\"elementor-widget-container\">\n\t\t\t\t\t<h2 class=\"elementor-heading-title elementor-size-default\"><a href=\"https:\/\/basin.be\/nl\/categorie-produit\/exterieur\/protection\/\">Protection<\/a><\/h2>\t\t\t\t<\/div>\n\t\t\t\t<\/div>\n\t\t\t\t<\/div>\n\t\t\t\t<\/div>\n\t\t\t\t<div data-elementor-type=\"loop-item\" data-elementor-id=\"1787\" class=\"elementor elementor-1787 e-loop-item e-loop-item-69 post-69 wp_font_face type-wp_font_face status-publish hentry\" data-elementor-post-type=\"elementor_library\" data-custom-edit-handle=\"1\">\n\t\t\t<div class=\"elementor-element elementor-element-c6ed8f2 e-con-full e-flex e-con e-parent\" data-id=\"c6ed8f2\" data-element_type=\"container\" data-e-type=\"container\">\n\t\t\t\t<div class=\"elementor-element elementor-element-05614a9 elementor-widget elementor-widget-image\" data-id=\"05614a9\" data-element_type=\"widget\" data-e-type=\"widget\" data-widget_type=\"image.default\">\n\t\t\t\t<div class=\"elementor-widget-container\">\n\t\t\t\t\t\t\t\t\t\t\t\t\t\t\t\t<a href=\"https:\/\/basin.be\/nl\/categorie-produit\/exterieur\/nettoyant\/\">\n\t\t\t\t\t\t\t<img decoding=\"async\" width=\"1024\" height=\"1024\" src=\"https:\/\/basin.be\/wp-content\/uploads\/2025\/04\/ChatGPT-Image-2-avr.-2025-11_40_43.png\" class=\"elementor-animation-bob attachment-full size-full wp-image-3508\" alt=\"\" srcset=\"https:\/\/basin.be\/wp-content\/uploads\/2025\/04\/ChatGPT-Image-2-avr.-2025-11_40_43.png 1024w, https:\/\/basin.be\/wp-content\/uploads\/2025\/04\/ChatGPT-Image-2-avr.-2025-11_40_43-300x300.png 300w, https:\/\/basin.be\/wp-content\/uploads\/2025\/04\/ChatGPT-Image-2-avr.-2025-11_40_43-150x150.png 150w, https:\/\/basin.be\/wp-content\/uploads\/2025\/04\/ChatGPT-Image-2-avr.-2025-11_40_43-768x768.png 768w, https:\/\/basin.be\/wp-content\/uploads\/2025\/04\/ChatGPT-Image-2-avr.-2025-11_40_43-600x600.png 600w, https:\/\/basin.be\/wp-content\/uploads\/2025\/04\/ChatGPT-Image-2-avr.-2025-11_40_43-100x100.png 100w, https:\/\/basin.be\/wp-content\/uploads\/2025\/04\/ChatGPT-Image-2-avr.-2025-11_40_43-64x64.png 64w\" sizes=\"(max-width: 1024px) 100vw, 1024px\" \/>\t\t\t\t\t\t\t\t<\/a>\n\t\t\t\t\t\t\t\t\t\t\t\t\t\t\t<\/div>\n\t\t\t\t<\/div>\n\t\t\t\t<div class=\"elementor-element elementor-element-e318329 elementor-widget elementor-widget-heading\" data-id=\"e318329\" data-element_type=\"widget\" data-e-type=\"widget\" data-widget_type=\"heading.default\">\n\t\t\t\t<div class=\"elementor-widget-container\">\n\t\t\t\t\t<h2 class=\"elementor-heading-title elementor-size-default\"><a href=\"https:\/\/basin.be\/nl\/categorie-produit\/exterieur\/nettoyant\/\">Nettoyant<\/a><\/h2>\t\t\t\t<\/div>\n\t\t\t\t<\/div>\n\t\t\t\t<\/div>\n\t\t\t\t<\/div>\n\t\t\t\t<div data-elementor-type=\"loop-item\" data-elementor-id=\"1787\" class=\"elementor elementor-1787 e-loop-item e-loop-item-71 post-71 wp_font_face type-wp_font_face status-publish hentry\" data-elementor-post-type=\"elementor_library\" data-custom-edit-handle=\"1\">\n\t\t\t<div class=\"elementor-element elementor-element-c6ed8f2 e-con-full e-flex e-con e-parent\" data-id=\"c6ed8f2\" data-element_type=\"container\" data-e-type=\"container\">\n\t\t\t\t<div class=\"elementor-element elementor-element-05614a9 elementor-widget elementor-widget-image\" data-id=\"05614a9\" data-element_type=\"widget\" data-e-type=\"widget\" data-widget_type=\"image.default\">\n\t\t\t\t<div class=\"elementor-widget-container\">\n\t\t\t\t\t\t\t\t\t\t\t\t\t\t\t\t<a href=\"https:\/\/basin.be\/nl\/categorie-produit\/exterieur\/degriseur\/\">\n\t\t\t\t\t\t\t<img loading=\"lazy\" decoding=\"async\" width=\"1024\" height=\"1024\" src=\"https:\/\/basin.be\/wp-content\/uploads\/2025\/06\/daa4ca49-8128-4107-b5e5-d1ac09373b63-1.png\" class=\"elementor-animation-bob attachment-full size-full wp-image-7072\" alt=\"\" srcset=\"https:\/\/basin.be\/wp-content\/uploads\/2025\/06\/daa4ca49-8128-4107-b5e5-d1ac09373b63-1.png 1024w, https:\/\/basin.be\/wp-content\/uploads\/2025\/06\/daa4ca49-8128-4107-b5e5-d1ac09373b63-1-300x300.png 300w, https:\/\/basin.be\/wp-content\/uploads\/2025\/06\/daa4ca49-8128-4107-b5e5-d1ac09373b63-1-150x150.png 150w, https:\/\/basin.be\/wp-content\/uploads\/2025\/06\/daa4ca49-8128-4107-b5e5-d1ac09373b63-1-768x768.png 768w, https:\/\/basin.be\/wp-content\/uploads\/2025\/06\/daa4ca49-8128-4107-b5e5-d1ac09373b63-1-600x600.png 600w, https:\/\/basin.be\/wp-content\/uploads\/2025\/06\/daa4ca49-8128-4107-b5e5-d1ac09373b63-1-100x100.png 100w, https:\/\/basin.be\/wp-content\/uploads\/2025\/06\/daa4ca49-8128-4107-b5e5-d1ac09373b63-1-64x64.png 64w\" sizes=\"(max-width: 1024px) 100vw, 1024px\" \/>\t\t\t\t\t\t\t\t<\/a>\n\t\t\t\t\t\t\t\t\t\t\t\t\t\t\t<\/div>\n\t\t\t\t<\/div>\n\t\t\t\t<div class=\"elementor-element elementor-element-e318329 elementor-widget elementor-widget-heading\" data-id=\"e318329\" data-element_type=\"widget\" data-e-type=\"widget\" data-widget_type=\"heading.default\">\n\t\t\t\t<div class=\"elementor-widget-container\">\n\t\t\t\t\t<h2 class=\"elementor-heading-title elementor-size-default\"><a href=\"https:\/\/basin.be\/nl\/categorie-produit\/exterieur\/degriseur\/\">D\u00e9griseur<\/a><\/h2>\t\t\t\t<\/div>\n\t\t\t\t<\/div>\n\t\t\t\t<\/div>\n\t\t\t\t<\/div>\n\t\t\t\t<div data-elementor-type=\"loop-item\" data-elementor-id=\"1787\" class=\"elementor elementor-1787 e-loop-item e-loop-item-28 \" data-elementor-post-type=\"elementor_library\" data-custom-edit-handle=\"1\">\n\t\t\t<div class=\"elementor-element elementor-element-c6ed8f2 e-con-full e-flex e-con e-parent\" data-id=\"c6ed8f2\" data-element_type=\"container\" data-e-type=\"container\">\n\t\t\t\t<div class=\"elementor-element elementor-element-05614a9 elementor-widget elementor-widget-image\" data-id=\"05614a9\" data-element_type=\"widget\" data-e-type=\"widget\" data-widget_type=\"image.default\">\n\t\t\t\t<div class=\"elementor-widget-container\">\n\t\t\t\t\t\t\t\t\t\t\t\t\t\t\t\t<a href=\"https:\/\/basin.be\/nl\/categorie-produit\/exterieur\/decapants\/\">\n\t\t\t\t\t\t\t<img loading=\"lazy\" decoding=\"async\" width=\"1024\" height=\"1024\" src=\"https:\/\/basin.be\/wp-content\/uploads\/2025\/06\/3f16be0c-a454-4d28-9f59-f27163e33119.png\" class=\"elementor-animation-bob attachment-full size-full wp-image-7060\" alt=\"\" srcset=\"https:\/\/basin.be\/wp-content\/uploads\/2025\/06\/3f16be0c-a454-4d28-9f59-f27163e33119.png 1024w, https:\/\/basin.be\/wp-content\/uploads\/2025\/06\/3f16be0c-a454-4d28-9f59-f27163e33119-300x300.png 300w, https:\/\/basin.be\/wp-content\/uploads\/2025\/06\/3f16be0c-a454-4d28-9f59-f27163e33119-150x150.png 150w, https:\/\/basin.be\/wp-content\/uploads\/2025\/06\/3f16be0c-a454-4d28-9f59-f27163e33119-768x768.png 768w, https:\/\/basin.be\/wp-content\/uploads\/2025\/06\/3f16be0c-a454-4d28-9f59-f27163e33119-600x600.png 600w, https:\/\/basin.be\/wp-content\/uploads\/2025\/06\/3f16be0c-a454-4d28-9f59-f27163e33119-100x100.png 100w, https:\/\/basin.be\/wp-content\/uploads\/2025\/06\/3f16be0c-a454-4d28-9f59-f27163e33119-64x64.png 64w\" sizes=\"(max-width: 1024px) 100vw, 1024px\" \/>\t\t\t\t\t\t\t\t<\/a>\n\t\t\t\t\t\t\t\t\t\t\t\t\t\t\t<\/div>\n\t\t\t\t<\/div>\n\t\t\t\t<div class=\"elementor-element elementor-element-e318329 elementor-widget elementor-widget-heading\" data-id=\"e318329\" data-element_type=\"widget\" data-e-type=\"widget\" data-widget_type=\"heading.default\">\n\t\t\t\t<div class=\"elementor-widget-container\">\n\t\t\t\t\t<h2 class=\"elementor-heading-title elementor-size-default\"><a href=\"https:\/\/basin.be\/nl\/categorie-produit\/exterieur\/decapants\/\">D\u00e9capants<\/a><\/h2>\t\t\t\t<\/div>\n\t\t\t\t<\/div>\n\t\t\t\t<\/div>\n\t\t\t\t<\/div>\n\t\t\t\t<\/div>\n\t\t\t\t\t\t<\/div>\n\t\t\t\t<\/div>\n\t\t\t\t<\/div>\n\t\t\t\t<\/div>\n\t\t\t\t<\/div>\n\t\t","protected":false},"excerpt":{"rendered":"<p>Exterieur Verfraai uw buitenruimtes met de oplossingen van Basin\u00ae. Onze producten zijn ontworpen om de elementen te weerstaan en de natuurlijke schoonheid van hout te benadrukken, en bieden langdurige bescherming en een zorgvuldige afwerking. Kies voor betrouwbaarheid en prestaties voor buiten, of het nu gaat om terrassen, gevelbekleding of houten beslag.<\/p>","protected":false},"author":1,"featured_media":0,"parent":0,"menu_order":0,"comment_status":"closed","ping_status":"closed","template":"","meta":{"_acf_changed":false,"_joinchat":[],"footnotes":""},"class_list":["post-8602","page","type-page","status-publish","hentry"],"acf":[],"_links":{"self":[{"href":"https:\/\/basin.be\/nl\/wp-json\/wp\/v2\/pages\/8602","targetHints":{"allow":["GET"]}}],"collection":[{"href":"https:\/\/basin.be\/nl\/wp-json\/wp\/v2\/pages"}],"about":[{"href":"https:\/\/basin.be\/nl\/wp-json\/wp\/v2\/types\/page"}],"author":[{"embeddable":true,"href":"https:\/\/basin.be\/nl\/wp-json\/wp\/v2\/users\/1"}],"replies":[{"embeddable":true,"href":"https:\/\/basin.be\/nl\/wp-json\/wp\/v2\/comments?post=8602"}],"version-history":[{"count":0,"href":"https:\/\/basin.be\/nl\/wp-json\/wp\/v2\/pages\/8602\/revisions"}],"wp:attachment":[{"href":"https:\/\/basin.be\/nl\/wp-json\/wp\/v2\/media?parent=8602"}],"curies":[{"name":"wp","href":"https:\/\/api.w.org\/{rel}","templated":true}]}}