{"id":8425,"date":"2025-07-17T14:32:56","date_gmt":"2025-07-17T12:32:56","guid":{"rendered":"https:\/\/basin.be\/?page_id=8425"},"modified":"2025-08-21T12:52:07","modified_gmt":"2025-08-21T10:52:07","slug":"interieur","status":"publish","type":"page","link":"https:\/\/basin.be\/nl\/interieur\/","title":{"rendered":"Interieur"},"content":{"rendered":"\t\t<div data-elementor-type=\"wp-page\" data-elementor-id=\"8425\" class=\"elementor elementor-8425\" data-elementor-post-type=\"page\">\n\t\t\t\t<div class=\"elementor-element elementor-element-7d0499c e-con-full e-flex e-con e-parent\" data-id=\"7d0499c\" data-element_type=\"container\" data-e-type=\"container\">\n\t\t\t\t<div class=\"elementor-element elementor-element-aa64f5c elementor-widget__width-auto elementor-widget elementor-widget-html\" data-id=\"aa64f5c\" data-element_type=\"widget\" data-e-type=\"widget\" data-widget_type=\"html.default\">\n\t\t\t\t<div class=\"elementor-widget-container\">\n\t\t\t\t\t<style>\r\n\/* Banni\u00e8re pleine largeur et hauteur ajustable *\/\r\n.banner {\r\n    position: relative;\r\n    width: 100vw; \/* Assure que la banni\u00e8re prend toute la largeur de l'\u00e9cran *\/\r\n    min-height: 30vh; \/* Hauteur minimale *\/\r\n    height: clamp(250px, 40vh, 400px); \/* Ajustable selon l'\u00e9cran *\/\r\n    background: url('https:\/\/www.basin.be\/wp-content\/uploads\/2025\/06\/ChatGPT-Image-2-juin-2025-11_58_04.jpeg') \r\n        no-repeat center center \/ cover;\r\n    display: flex;\r\n    align-items: center;\r\n    justify-content: center;\r\n    text-align: center;\r\n    overflow: hidden;\r\n}\r\n\r\n\/* Effet de d\u00e9grad\u00e9 sombre pour am\u00e9liorer la lisibilit\u00e9 *\/\r\n.banner::before {\r\n    content: \"\";\r\n    position: absolute;\r\n    width: 100%;\r\n    height: 100%;\r\n    background: linear-gradient(to bottom, rgba(0, 0, 0, 0.3), rgba(0, 0, 0, 0.6));\r\n}\r\n\r\n\/* Texte principal *\/\r\n.banner h1 {\r\n    position: relative;\r\n    font-size: clamp(2rem, 5vw, 3.5rem); \/* S'adapte selon la taille de l'\u00e9cran *\/\r\n    font-weight: bold;\r\n    color: white;\r\n    text-transform: uppercase;\r\n    letter-spacing: 1px;\r\n    margin-bottom: 10px;\r\n    transition: transform 0.3s ease-out;\r\n}\r\n\r\n\/* Trait jaune sous le titre *\/\r\n.banner h1::after {\r\n    content: \"\";\r\n    display: block;\r\n    width: clamp(40px, 6vw, 80px); \/* Ajustement dynamique *\/\r\n    height: 4px;\r\n    background-color: #FBBA00;\r\n    margin: 10px auto 0 auto;\r\n    transition: width 0.3s ease-out;\r\n}\r\n\r\n\/* Animation au survol *\/\r\n.banner:hover h1 {\r\n    transform: scale(1.05);\r\n}\r\n\r\n.banner:hover h1::after {\r\n    width: clamp(50px, 8vw, 100px);\r\n}\r\n\r\n\/* Responsive *\/\r\n@media (max-width: 768px) {\r\n    .banner {\r\n        height: 25vh; \/* Hauteur ajust\u00e9e pour mobile *\/\r\n    }\r\n}\r\n<\/style>\r\n\r\n<div class=\"banner\">\r\n    <h1>Int\u00e9rieur<\/h1>\r\n<\/div>\r\n\t\t\t\t<\/div>\n\t\t\t\t<\/div>\n\t\t\t\t<\/div>\n\t\t<div class=\"elementor-element elementor-element-4b81c25 e-flex e-con-boxed e-con e-parent\" data-id=\"4b81c25\" data-element_type=\"container\" data-e-type=\"container\">\n\t\t\t\t\t<div class=\"e-con-inner\">\n\t\t\t\t<div class=\"elementor-element elementor-element-53d245a elementor-widget__width-initial elementor-widget elementor-widget-text-editor\" data-id=\"53d245a\" data-element_type=\"widget\" data-e-type=\"widget\" data-widget_type=\"text-editor.default\">\n\t\t\t\t<div class=\"elementor-widget-container\">\n\t\t\t\t\t\t\t\t\t<p data-start=\"117\" data-end=\"458\">Pr\u00e9parez, prot\u00e9gez et sublimez vos surfaces int\u00e9rieures avec les solutions Basin\u00ae. De la pr\u00e9paration du support au rendu final, chaque produit est pens\u00e9 pour r\u00e9pondre aux exigences des professionnels du bois. Colles, primaires, finitions, teintes ou entretien : notre gamme compl\u00e8te garantit des r\u00e9sultats fiables, durables et esth\u00e9tiques, dans le respect des mat\u00e9riaux.<\/p>\t\t\t\t\t\t\t\t<\/div>\n\t\t\t\t<\/div>\n\t\t\t\t<div class=\"elementor-element elementor-element-3303705 elementor-widget elementor-widget-woocommerce-breadcrumb\" data-id=\"3303705\" data-element_type=\"widget\" data-e-type=\"widget\" data-widget_type=\"woocommerce-breadcrumb.default\">\n\t\t\t\t<div class=\"elementor-widget-container\">\n\t\t\t\t\t<nav class=\"woocommerce-breadcrumb\" aria-label=\"Breadcrumb\">Home<\/nav>\t\t\t\t<\/div>\n\t\t\t\t<\/div>\n\t\t\t\t\t<\/div>\n\t\t\t\t<\/div>\n\t\t<div class=\"elementor-element elementor-element-fcf5a1d e-con-full e-flex e-con e-parent\" data-id=\"fcf5a1d\" data-element_type=\"container\" data-e-type=\"container\">\n\t\t<div class=\"elementor-element elementor-element-372977d e-con-full e-flex e-con e-child\" data-id=\"372977d\" data-element_type=\"container\" data-e-type=\"container\">\n\t\t\t\t<div class=\"woocommerce elementor-element elementor-element-1abac7a elementor-grid-3 elementor-grid-mobile-1 elementor-grid-tablet-3 elementor-widget elementor-widget-loop-grid\" data-id=\"1abac7a\" data-element_type=\"widget\" data-e-type=\"widget\" data-settings=\"{&quot;_skin&quot;:&quot;product_taxonomy&quot;,&quot;template_id&quot;:&quot;1787&quot;,&quot;row_gap&quot;:{&quot;unit&quot;:&quot;px&quot;,&quot;size&quot;:50,&quot;sizes&quot;:[]},&quot;columns&quot;:3,&quot;columns_mobile&quot;:1,&quot;columns_tablet&quot;:3,&quot;edit_handle_selector&quot;:&quot;[data-elementor-type=\\&quot;loop-item\\&quot;]&quot;,&quot;row_gap_tablet&quot;:{&quot;unit&quot;:&quot;px&quot;,&quot;size&quot;:&quot;&quot;,&quot;sizes&quot;:[]},&quot;row_gap_mobile&quot;:{&quot;unit&quot;:&quot;px&quot;,&quot;size&quot;:&quot;&quot;,&quot;sizes&quot;:[]}}\" data-widget_type=\"loop-grid.product_taxonomy\">\n\t\t\t\t<div class=\"elementor-widget-container\">\n\t\t\t\t\t\t\t<div class=\"elementor-loop-container elementor-grid\" role=\"list\">\n\t\t<style id=\"loop-1787\">.elementor-1787 .elementor-element.elementor-element-c6ed8f2{--display:flex;--flex-direction:column;--container-widget-width:100%;--container-widget-height:initial;--container-widget-flex-grow:0;--container-widget-align-self:initial;--flex-wrap-mobile:wrap;border-style:none;--border-style:none;--border-radius:25px 25px 25px 25px;}.elementor-1787 .elementor-element.elementor-element-c6ed8f2.e-con{--flex-grow:0;--flex-shrink:0;}.elementor-widget-image .widget-image-caption{color:var( --e-global-color-text );font-family:var( --e-global-typography-text-font-family ), Sans-serif;font-weight:var( --e-global-typography-text-font-weight );}.elementor-1787 .elementor-element.elementor-element-05614a9:hover img{filter:brightness( 105% ) contrast( 100% ) saturate( 100% ) blur( 0px ) hue-rotate( 0deg );}.elementor-1787 .elementor-element.elementor-element-05614a9 img{transition-duration:0.1s;border-style:none;border-radius:20px 0px 20px 0px;}.elementor-widget-heading .elementor-heading-title{font-family:var( --e-global-typography-primary-font-family ), Sans-serif;font-weight:var( --e-global-typography-primary-font-weight );color:var( --e-global-color-primary );}.elementor-1787 .elementor-element.elementor-element-e318329 .elementor-heading-title{font-family:\"Poppins\", Sans-serif;font-size:19px;font-weight:400;color:var( --e-global-color-text );}.elementor-1787 .elementor-element.elementor-element-e318329 .elementor-heading-title a:hover, .elementor-1787 .elementor-element.elementor-element-e318329 .elementor-heading-title a:focus{color:var( --e-global-color-primary );}@media(min-width:768px){.elementor-1787 .elementor-element.elementor-element-c6ed8f2{--width:100%;}}@media(max-width:1024px) and (min-width:768px){.elementor-1787 .elementor-element.elementor-element-c6ed8f2{--width:100%;}}@media(max-width:1024px){.elementor-1787 .elementor-element.elementor-element-c6ed8f2{--gap:9px 0px;--row-gap:9px;--column-gap:0px;}.elementor-1787 .elementor-element.elementor-element-05614a9 img{width:100%;}.elementor-1787 .elementor-element.elementor-element-e318329 .elementor-heading-title{font-size:15px;}}@media(max-width:767px){.elementor-1787 .elementor-element.elementor-element-05614a9{text-align:start;}.elementor-1787 .elementor-element.elementor-element-05614a9 img{width:100%;border-radius:0px 0px 0px 0px;}}<\/style>\t\t<div data-elementor-type=\"loop-item\" data-elementor-id=\"1787\" class=\"elementor elementor-1787 e-loop-item e-loop-item-24 \" data-elementor-post-type=\"elementor_library\" data-custom-edit-handle=\"1\">\n\t\t\t<div class=\"elementor-element elementor-element-c6ed8f2 e-con-full e-flex e-con e-parent\" data-id=\"c6ed8f2\" data-element_type=\"container\" data-e-type=\"container\">\n\t\t\t\t<div class=\"elementor-element elementor-element-05614a9 elementor-widget elementor-widget-image\" data-id=\"05614a9\" data-element_type=\"widget\" data-e-type=\"widget\" data-widget_type=\"image.default\">\n\t\t\t\t<div class=\"elementor-widget-container\">\n\t\t\t\t\t\t\t\t\t\t\t\t\t\t\t\t<a href=\"https:\/\/basin.be\/nl\/categorie-produit\/interieur\/primaires-avant-vernis\/\">\n\t\t\t\t\t\t\t<img fetchpriority=\"high\" decoding=\"async\" width=\"1024\" height=\"1024\" src=\"https:\/\/basin.be\/wp-content\/uploads\/2025\/05\/ChatGPT-Image-3-mai-2025-22_26_35.jpg\" class=\"elementor-animation-bob attachment-full size-full wp-image-4405\" alt=\"\" srcset=\"https:\/\/basin.be\/wp-content\/uploads\/2025\/05\/ChatGPT-Image-3-mai-2025-22_26_35.jpg 1024w, https:\/\/basin.be\/wp-content\/uploads\/2025\/05\/ChatGPT-Image-3-mai-2025-22_26_35-300x300.jpg 300w, https:\/\/basin.be\/wp-content\/uploads\/2025\/05\/ChatGPT-Image-3-mai-2025-22_26_35-150x150.jpg 150w, https:\/\/basin.be\/wp-content\/uploads\/2025\/05\/ChatGPT-Image-3-mai-2025-22_26_35-768x768.jpg 768w, https:\/\/basin.be\/wp-content\/uploads\/2025\/05\/ChatGPT-Image-3-mai-2025-22_26_35-600x600.jpg 600w, https:\/\/basin.be\/wp-content\/uploads\/2025\/05\/ChatGPT-Image-3-mai-2025-22_26_35-100x100.jpg 100w, https:\/\/basin.be\/wp-content\/uploads\/2025\/05\/ChatGPT-Image-3-mai-2025-22_26_35-64x64.jpg 64w\" sizes=\"(max-width: 1024px) 100vw, 1024px\" \/>\t\t\t\t\t\t\t\t<\/a>\n\t\t\t\t\t\t\t\t\t\t\t\t\t\t\t<\/div>\n\t\t\t\t<\/div>\n\t\t\t\t<div class=\"elementor-element elementor-element-e318329 elementor-widget elementor-widget-heading\" data-id=\"e318329\" data-element_type=\"widget\" data-e-type=\"widget\" data-widget_type=\"heading.default\">\n\t\t\t\t<div class=\"elementor-widget-container\">\n\t\t\t\t\t<h2 class=\"elementor-heading-title elementor-size-default\"><a href=\"https:\/\/basin.be\/nl\/categorie-produit\/interieur\/primaires-avant-vernis\/\">Primaires avant vernis<\/a><\/h2>\t\t\t\t<\/div>\n\t\t\t\t<\/div>\n\t\t\t\t<\/div>\n\t\t\t\t<\/div>\n\t\t\t\t<div data-elementor-type=\"loop-item\" data-elementor-id=\"1787\" class=\"elementor elementor-1787 e-loop-item e-loop-item-25 post-25 page type-page status-publish hentry\" data-elementor-post-type=\"elementor_library\" data-custom-edit-handle=\"1\">\n\t\t\t<div class=\"elementor-element elementor-element-c6ed8f2 e-con-full e-flex e-con e-parent\" data-id=\"c6ed8f2\" data-element_type=\"container\" data-e-type=\"container\">\n\t\t\t\t<div class=\"elementor-element elementor-element-05614a9 elementor-widget elementor-widget-image\" data-id=\"05614a9\" data-element_type=\"widget\" data-e-type=\"widget\" data-widget_type=\"image.default\">\n\t\t\t\t<div class=\"elementor-widget-container\">\n\t\t\t\t\t\t\t\t\t\t\t\t\t\t\t\t<a href=\"https:\/\/basin.be\/nl\/categorie-produit\/interieur\/colles\/\">\n\t\t\t\t\t\t\t<img decoding=\"async\" width=\"768\" height=\"768\" src=\"https:\/\/basin.be\/wp-content\/uploads\/2025\/02\/prix-parquet-colle-e1739570245237.jpeg\" class=\"elementor-animation-bob attachment-full size-full wp-image-394\" alt=\"Installation d&#039;un parquet en bois naturel avec de la colle adh\u00e9sive structur\u00e9e, appliqu\u00e9e sur le sol pour fixer les lames de bois.\" srcset=\"https:\/\/basin.be\/wp-content\/uploads\/2025\/02\/prix-parquet-colle-e1739570245237.jpeg 768w, https:\/\/basin.be\/wp-content\/uploads\/2025\/02\/prix-parquet-colle-e1739570245237-300x300.jpeg 300w, https:\/\/basin.be\/wp-content\/uploads\/2025\/02\/prix-parquet-colle-e1739570245237-100x100.jpeg 100w, https:\/\/basin.be\/wp-content\/uploads\/2025\/02\/prix-parquet-colle-e1739570245237-600x600.jpeg 600w, https:\/\/basin.be\/wp-content\/uploads\/2025\/02\/prix-parquet-colle-e1739570245237-150x150.jpeg 150w\" sizes=\"(max-width: 768px) 100vw, 768px\" \/>\t\t\t\t\t\t\t\t<\/a>\n\t\t\t\t\t\t\t\t\t\t\t\t\t\t\t<\/div>\n\t\t\t\t<\/div>\n\t\t\t\t<div class=\"elementor-element elementor-element-e318329 elementor-widget elementor-widget-heading\" data-id=\"e318329\" data-element_type=\"widget\" data-e-type=\"widget\" data-widget_type=\"heading.default\">\n\t\t\t\t<div class=\"elementor-widget-container\">\n\t\t\t\t\t<h2 class=\"elementor-heading-title elementor-size-default\"><a href=\"https:\/\/basin.be\/nl\/categorie-produit\/interieur\/colles\/\">Colles<\/a><\/h2>\t\t\t\t<\/div>\n\t\t\t\t<\/div>\n\t\t\t\t<\/div>\n\t\t\t\t<\/div>\n\t\t\t\t<div data-elementor-type=\"loop-item\" data-elementor-id=\"1787\" class=\"elementor elementor-1787 e-loop-item e-loop-item-26 \" data-elementor-post-type=\"elementor_library\" data-custom-edit-handle=\"1\">\n\t\t\t<div class=\"elementor-element elementor-element-c6ed8f2 e-con-full e-flex e-con e-parent\" data-id=\"c6ed8f2\" data-element_type=\"container\" data-e-type=\"container\">\n\t\t\t\t<div class=\"elementor-element elementor-element-05614a9 elementor-widget elementor-widget-image\" data-id=\"05614a9\" data-element_type=\"widget\" data-e-type=\"widget\" data-widget_type=\"image.default\">\n\t\t\t\t<div class=\"elementor-widget-container\">\n\t\t\t\t\t\t\t\t\t\t\t\t\t\t\t\t<a href=\"https:\/\/basin.be\/nl\/categorie-produit\/interieur\/entretien\/\">\n\t\t\t\t\t\t\t<img decoding=\"async\" width=\"1024\" height=\"1024\" src=\"https:\/\/basin.be\/wp-content\/uploads\/2025\/06\/3db49bfe-f26e-462a-a39a-508547831829.png\" class=\"elementor-animation-bob attachment-full size-full wp-image-7058\" alt=\"\" srcset=\"https:\/\/basin.be\/wp-content\/uploads\/2025\/06\/3db49bfe-f26e-462a-a39a-508547831829.png 1024w, https:\/\/basin.be\/wp-content\/uploads\/2025\/06\/3db49bfe-f26e-462a-a39a-508547831829-300x300.png 300w, https:\/\/basin.be\/wp-content\/uploads\/2025\/06\/3db49bfe-f26e-462a-a39a-508547831829-150x150.png 150w, https:\/\/basin.be\/wp-content\/uploads\/2025\/06\/3db49bfe-f26e-462a-a39a-508547831829-768x768.png 768w, https:\/\/basin.be\/wp-content\/uploads\/2025\/06\/3db49bfe-f26e-462a-a39a-508547831829-600x600.png 600w, https:\/\/basin.be\/wp-content\/uploads\/2025\/06\/3db49bfe-f26e-462a-a39a-508547831829-100x100.png 100w, https:\/\/basin.be\/wp-content\/uploads\/2025\/06\/3db49bfe-f26e-462a-a39a-508547831829-64x64.png 64w\" sizes=\"(max-width: 1024px) 100vw, 1024px\" \/>\t\t\t\t\t\t\t\t<\/a>\n\t\t\t\t\t\t\t\t\t\t\t\t\t\t\t<\/div>\n\t\t\t\t<\/div>\n\t\t\t\t<div class=\"elementor-element elementor-element-e318329 elementor-widget elementor-widget-heading\" data-id=\"e318329\" data-element_type=\"widget\" data-e-type=\"widget\" data-widget_type=\"heading.default\">\n\t\t\t\t<div class=\"elementor-widget-container\">\n\t\t\t\t\t<h2 class=\"elementor-heading-title elementor-size-default\"><a href=\"https:\/\/basin.be\/nl\/categorie-produit\/interieur\/entretien\/\">Entretien<\/a><\/h2>\t\t\t\t<\/div>\n\t\t\t\t<\/div>\n\t\t\t\t<\/div>\n\t\t\t\t<\/div>\n\t\t\t\t<div data-elementor-type=\"loop-item\" data-elementor-id=\"1787\" class=\"elementor elementor-1787 e-loop-item e-loop-item-42 post-42 wp_font_family type-wp_font_family status-publish hentry\" data-elementor-post-type=\"elementor_library\" data-custom-edit-handle=\"1\">\n\t\t\t<div class=\"elementor-element elementor-element-c6ed8f2 e-con-full e-flex e-con e-parent\" data-id=\"c6ed8f2\" data-element_type=\"container\" data-e-type=\"container\">\n\t\t\t\t<div class=\"elementor-element elementor-element-05614a9 elementor-widget elementor-widget-image\" data-id=\"05614a9\" data-element_type=\"widget\" data-e-type=\"widget\" data-widget_type=\"image.default\">\n\t\t\t\t<div class=\"elementor-widget-container\">\n\t\t\t\t\t\t\t\t\t\t\t\t\t\t\t\t<a href=\"https:\/\/basin.be\/nl\/categorie-produit\/interieur\/finition\/\">\n\t\t\t\t\t\t\t<img loading=\"lazy\" decoding=\"async\" width=\"1333\" height=\"1333\" src=\"https:\/\/basin.be\/wp-content\/uploads\/2025\/02\/wmremove-transformed-1-e1739570384795.png\" class=\"elementor-animation-bob attachment-full size-full wp-image-396\" alt=\"Deux pinceaux en bois de la marque Basin, de tailles diff\u00e9rentes, pos\u00e9s sur un parquet en ch\u00eane, id\u00e9aux pour appliquer des huiles ou vernis pour la protection et l\u2019entretien du bois.\" srcset=\"https:\/\/basin.be\/wp-content\/uploads\/2025\/02\/wmremove-transformed-1-e1739570384795.png 1333w, https:\/\/basin.be\/wp-content\/uploads\/2025\/02\/wmremove-transformed-1-e1739570384795-300x300.png 300w, https:\/\/basin.be\/wp-content\/uploads\/2025\/02\/wmremove-transformed-1-e1739570384795-100x100.png 100w, https:\/\/basin.be\/wp-content\/uploads\/2025\/02\/wmremove-transformed-1-e1739570384795-600x600.png 600w, https:\/\/basin.be\/wp-content\/uploads\/2025\/02\/wmremove-transformed-1-e1739570384795-1024x1024.png 1024w, https:\/\/basin.be\/wp-content\/uploads\/2025\/02\/wmremove-transformed-1-e1739570384795-150x150.png 150w, https:\/\/basin.be\/wp-content\/uploads\/2025\/02\/wmremove-transformed-1-e1739570384795-768x768.png 768w\" sizes=\"(max-width: 1333px) 100vw, 1333px\" \/>\t\t\t\t\t\t\t\t<\/a>\n\t\t\t\t\t\t\t\t\t\t\t\t\t\t\t<\/div>\n\t\t\t\t<\/div>\n\t\t\t\t<div class=\"elementor-element elementor-element-e318329 elementor-widget elementor-widget-heading\" data-id=\"e318329\" data-element_type=\"widget\" data-e-type=\"widget\" data-widget_type=\"heading.default\">\n\t\t\t\t<div class=\"elementor-widget-container\">\n\t\t\t\t\t<h2 class=\"elementor-heading-title elementor-size-default\"><a href=\"https:\/\/basin.be\/nl\/categorie-produit\/interieur\/finition\/\">Finition<\/a><\/h2>\t\t\t\t<\/div>\n\t\t\t\t<\/div>\n\t\t\t\t<\/div>\n\t\t\t\t<\/div>\n\t\t\t\t<div data-elementor-type=\"loop-item\" data-elementor-id=\"1787\" class=\"elementor elementor-1787 e-loop-item e-loop-item-77 post-77 wp_font_face type-wp_font_face status-publish hentry\" data-elementor-post-type=\"elementor_library\" data-custom-edit-handle=\"1\">\n\t\t\t<div class=\"elementor-element elementor-element-c6ed8f2 e-con-full e-flex e-con e-parent\" data-id=\"c6ed8f2\" data-element_type=\"container\" data-e-type=\"container\">\n\t\t\t\t<div class=\"elementor-element elementor-element-05614a9 elementor-widget elementor-widget-image\" data-id=\"05614a9\" data-element_type=\"widget\" data-e-type=\"widget\" data-widget_type=\"image.default\">\n\t\t\t\t<div class=\"elementor-widget-container\">\n\t\t\t\t\t\t\t\t\t\t\t\t\t\t\t\t<a href=\"https:\/\/basin.be\/nl\/categorie-produit\/interieur\/primaires-avant-colle\/\">\n\t\t\t\t\t\t\t<img loading=\"lazy\" decoding=\"async\" width=\"1024\" height=\"1024\" src=\"https:\/\/basin.be\/wp-content\/uploads\/2025\/05\/ChatGPT-Image-3-mai-2025-22_18_48.jpg\" class=\"elementor-animation-bob attachment-full size-full wp-image-4404\" alt=\"\" srcset=\"https:\/\/basin.be\/wp-content\/uploads\/2025\/05\/ChatGPT-Image-3-mai-2025-22_18_48.jpg 1024w, https:\/\/basin.be\/wp-content\/uploads\/2025\/05\/ChatGPT-Image-3-mai-2025-22_18_48-300x300.jpg 300w, https:\/\/basin.be\/wp-content\/uploads\/2025\/05\/ChatGPT-Image-3-mai-2025-22_18_48-150x150.jpg 150w, https:\/\/basin.be\/wp-content\/uploads\/2025\/05\/ChatGPT-Image-3-mai-2025-22_18_48-768x768.jpg 768w, https:\/\/basin.be\/wp-content\/uploads\/2025\/05\/ChatGPT-Image-3-mai-2025-22_18_48-600x600.jpg 600w, https:\/\/basin.be\/wp-content\/uploads\/2025\/05\/ChatGPT-Image-3-mai-2025-22_18_48-100x100.jpg 100w, https:\/\/basin.be\/wp-content\/uploads\/2025\/05\/ChatGPT-Image-3-mai-2025-22_18_48-64x64.jpg 64w\" sizes=\"(max-width: 1024px) 100vw, 1024px\" \/>\t\t\t\t\t\t\t\t<\/a>\n\t\t\t\t\t\t\t\t\t\t\t\t\t\t\t<\/div>\n\t\t\t\t<\/div>\n\t\t\t\t<div class=\"elementor-element elementor-element-e318329 elementor-widget elementor-widget-heading\" data-id=\"e318329\" data-element_type=\"widget\" data-e-type=\"widget\" data-widget_type=\"heading.default\">\n\t\t\t\t<div class=\"elementor-widget-container\">\n\t\t\t\t\t<h2 class=\"elementor-heading-title elementor-size-default\"><a href=\"https:\/\/basin.be\/nl\/categorie-produit\/interieur\/primaires-avant-colle\/\">Primaires avant colle<\/a><\/h2>\t\t\t\t<\/div>\n\t\t\t\t<\/div>\n\t\t\t\t<\/div>\n\t\t\t\t<\/div>\n\t\t\t\t<div data-elementor-type=\"loop-item\" data-elementor-id=\"1787\" class=\"elementor elementor-1787 e-loop-item e-loop-item-78 post-78 wp_font_face type-wp_font_face status-publish hentry\" data-elementor-post-type=\"elementor_library\" data-custom-edit-handle=\"1\">\n\t\t\t<div class=\"elementor-element elementor-element-c6ed8f2 e-con-full e-flex e-con e-parent\" data-id=\"c6ed8f2\" data-element_type=\"container\" data-e-type=\"container\">\n\t\t\t\t<div class=\"elementor-element elementor-element-05614a9 elementor-widget elementor-widget-image\" data-id=\"05614a9\" data-element_type=\"widget\" data-e-type=\"widget\" data-widget_type=\"image.default\">\n\t\t\t\t<div class=\"elementor-widget-container\">\n\t\t\t\t\t\t\t\t\t\t\t\t\t\t\t\t<a href=\"https:\/\/basin.be\/nl\/categorie-produit\/interieur\/teintes\/\">\n\t\t\t\t\t\t\t<img loading=\"lazy\" decoding=\"async\" width=\"1024\" height=\"1024\" src=\"https:\/\/basin.be\/wp-content\/uploads\/2025\/05\/7-mai-2025-09_55_00.jpg\" class=\"elementor-animation-bob attachment-full size-full wp-image-5051\" alt=\"\" srcset=\"https:\/\/basin.be\/wp-content\/uploads\/2025\/05\/7-mai-2025-09_55_00.jpg 1024w, https:\/\/basin.be\/wp-content\/uploads\/2025\/05\/7-mai-2025-09_55_00-300x300.jpg 300w, https:\/\/basin.be\/wp-content\/uploads\/2025\/05\/7-mai-2025-09_55_00-150x150.jpg 150w, https:\/\/basin.be\/wp-content\/uploads\/2025\/05\/7-mai-2025-09_55_00-768x768.jpg 768w, https:\/\/basin.be\/wp-content\/uploads\/2025\/05\/7-mai-2025-09_55_00-600x600.jpg 600w, https:\/\/basin.be\/wp-content\/uploads\/2025\/05\/7-mai-2025-09_55_00-100x100.jpg 100w, https:\/\/basin.be\/wp-content\/uploads\/2025\/05\/7-mai-2025-09_55_00-64x64.jpg 64w\" sizes=\"(max-width: 1024px) 100vw, 1024px\" \/>\t\t\t\t\t\t\t\t<\/a>\n\t\t\t\t\t\t\t\t\t\t\t\t\t\t\t<\/div>\n\t\t\t\t<\/div>\n\t\t\t\t<div class=\"elementor-element elementor-element-e318329 elementor-widget elementor-widget-heading\" data-id=\"e318329\" data-element_type=\"widget\" data-e-type=\"widget\" data-widget_type=\"heading.default\">\n\t\t\t\t<div class=\"elementor-widget-container\">\n\t\t\t\t\t<h2 class=\"elementor-heading-title elementor-size-default\"><a href=\"https:\/\/basin.be\/nl\/categorie-produit\/interieur\/teintes\/\">Teintes<\/a><\/h2>\t\t\t\t<\/div>\n\t\t\t\t<\/div>\n\t\t\t\t<\/div>\n\t\t\t\t<\/div>\n\t\t\t\t<div data-elementor-type=\"loop-item\" data-elementor-id=\"1787\" class=\"elementor elementor-1787 e-loop-item e-loop-item-79 post-79 wp_font_face type-wp_font_face status-publish hentry\" data-elementor-post-type=\"elementor_library\" data-custom-edit-handle=\"1\">\n\t\t\t<div class=\"elementor-element elementor-element-c6ed8f2 e-con-full e-flex e-con e-parent\" data-id=\"c6ed8f2\" data-element_type=\"container\" data-e-type=\"container\">\n\t\t\t\t<div class=\"elementor-element elementor-element-05614a9 elementor-widget elementor-widget-image\" data-id=\"05614a9\" data-element_type=\"widget\" data-e-type=\"widget\" data-widget_type=\"image.default\">\n\t\t\t\t<div class=\"elementor-widget-container\">\n\t\t\t\t\t\t\t\t\t\t\t\t\t\t\t\t<a href=\"https:\/\/basin.be\/nl\/categorie-produit\/interieur\/rebouchage-bois\/\">\n\t\t\t\t\t\t\t<img loading=\"lazy\" decoding=\"async\" width=\"1024\" height=\"1024\" src=\"https:\/\/basin.be\/wp-content\/uploads\/2025\/05\/ChatGPT-Image-7-mai-2025-09_52_11.jpg\" class=\"elementor-animation-bob attachment-full size-full wp-image-5049\" alt=\"\" srcset=\"https:\/\/basin.be\/wp-content\/uploads\/2025\/05\/ChatGPT-Image-7-mai-2025-09_52_11.jpg 1024w, https:\/\/basin.be\/wp-content\/uploads\/2025\/05\/ChatGPT-Image-7-mai-2025-09_52_11-300x300.jpg 300w, https:\/\/basin.be\/wp-content\/uploads\/2025\/05\/ChatGPT-Image-7-mai-2025-09_52_11-150x150.jpg 150w, https:\/\/basin.be\/wp-content\/uploads\/2025\/05\/ChatGPT-Image-7-mai-2025-09_52_11-768x768.jpg 768w, https:\/\/basin.be\/wp-content\/uploads\/2025\/05\/ChatGPT-Image-7-mai-2025-09_52_11-600x600.jpg 600w, https:\/\/basin.be\/wp-content\/uploads\/2025\/05\/ChatGPT-Image-7-mai-2025-09_52_11-100x100.jpg 100w, https:\/\/basin.be\/wp-content\/uploads\/2025\/05\/ChatGPT-Image-7-mai-2025-09_52_11-64x64.jpg 64w\" sizes=\"(max-width: 1024px) 100vw, 1024px\" \/>\t\t\t\t\t\t\t\t<\/a>\n\t\t\t\t\t\t\t\t\t\t\t\t\t\t\t<\/div>\n\t\t\t\t<\/div>\n\t\t\t\t<div class=\"elementor-element elementor-element-e318329 elementor-widget elementor-widget-heading\" data-id=\"e318329\" data-element_type=\"widget\" data-e-type=\"widget\" data-widget_type=\"heading.default\">\n\t\t\t\t<div class=\"elementor-widget-container\">\n\t\t\t\t\t<h2 class=\"elementor-heading-title elementor-size-default\"><a href=\"https:\/\/basin.be\/nl\/categorie-produit\/interieur\/rebouchage-bois\/\">Rebouchage<\/a><\/h2>\t\t\t\t<\/div>\n\t\t\t\t<\/div>\n\t\t\t\t<\/div>\n\t\t\t\t<\/div>\n\t\t\t\t<\/div>\n\t\t\t\t\t\t<\/div>\n\t\t\t\t<\/div>\n\t\t\t\t<\/div>\n\t\t\t\t<\/div>\n\t\t\t\t<\/div>\n\t\t","protected":false},"excerpt":{"rendered":"<p>Interieurs Bereid uw interieuroppervlakken voor, bescherm ze en verfraai ze met de oplossingen van Basin\u00ae. Van de voorbereiding van de ondergrond tot de uiteindelijke afwerking, elk product is ontworpen om te voldoen aan de eisen van houtprofessionals. Van lijmen en primers tot afwerkingen, beitsen en onderhoud, ons uitgebreide assortiment garandeert betrouwbare, duurzame en esthetisch verantwoorde resultaten die het materiaal respecteren.<\/p>","protected":false},"author":1,"featured_media":0,"parent":0,"menu_order":0,"comment_status":"closed","ping_status":"closed","template":"","meta":{"_acf_changed":false,"_joinchat":[],"footnotes":""},"class_list":["post-8425","page","type-page","status-publish","hentry"],"acf":[],"_links":{"self":[{"href":"https:\/\/basin.be\/nl\/wp-json\/wp\/v2\/pages\/8425","targetHints":{"allow":["GET"]}}],"collection":[{"href":"https:\/\/basin.be\/nl\/wp-json\/wp\/v2\/pages"}],"about":[{"href":"https:\/\/basin.be\/nl\/wp-json\/wp\/v2\/types\/page"}],"author":[{"embeddable":true,"href":"https:\/\/basin.be\/nl\/wp-json\/wp\/v2\/users\/1"}],"replies":[{"embeddable":true,"href":"https:\/\/basin.be\/nl\/wp-json\/wp\/v2\/comments?post=8425"}],"version-history":[{"count":0,"href":"https:\/\/basin.be\/nl\/wp-json\/wp\/v2\/pages\/8425\/revisions"}],"wp:attachment":[{"href":"https:\/\/basin.be\/nl\/wp-json\/wp\/v2\/media?parent=8425"}],"curies":[{"name":"wp","href":"https:\/\/api.w.org\/{rel}","templated":true}]}}