{"id":23,"date":"2025-02-14T08:54:21","date_gmt":"2025-02-14T08:54:21","guid":{"rendered":"https:\/\/www.basin.be\/?page_id=23"},"modified":"2025-06-05T15:04:48","modified_gmt":"2025-06-05T13:04:48","slug":"juridische-informatie","status":"publish","type":"page","link":"https:\/\/basin.be\/nl\/mentions-legales\/","title":{"rendered":"Juridische informatie"},"content":{"rendered":"\n<p><strong>Identification de l\u2019entreprise<\/strong><br><strong>Nom :<\/strong> Basin ChemEco SA<br><strong>Adresse :<\/strong> Gravestraat 7A, B-8750 Wingene, BELGIQUE<br><strong>T\u00e9l\u00e9phone :<\/strong> +32 (0) 51 65 00 10<br><strong>E-mail :<\/strong> <a>info@basin.be<\/a><br><strong>Site Web :<\/strong> <a class=\"\" href=\"https:\/\/www.basin.be\">www.basin.be<\/a><br><strong>Num\u00e9ro d\u2019entreprise (TVA) :<\/strong> BE0403.102.504<br><strong>Directeur de la publication :<\/strong> Alain Goldstein, CEO<\/p>\n\n\n\n<p><strong>H\u00e9bergement du site<\/strong><br><strong>Fournisseur :<\/strong> o2switch<br><strong>Adresse :<\/strong> Chemin des Pardiaux, 63000 Clermont-Ferrand, FRANCE<br><strong>T\u00e9l\u00e9phone :<\/strong> +33 (0)4 44 44 60 40<br><strong>Site web :<\/strong> <a class=\"\" href=\"https:\/\/www.o2switch.fr\" target=\"_blank\" rel=\"noopener\">www.o2switch.fr<\/a><\/p>\n\n\n\n<p><strong>Propri\u00e9t\u00e9 intellectuelle<\/strong><br>L\u2019ensemble des contenus pr\u00e9sents sur le site <a class=\"\" href=\"https:\/\/www.basin.be\">www.basin.be<\/a> (textes, visuels, logos, documents techniques, etc.) est prot\u00e9g\u00e9 par les lois en vigueur sur la propri\u00e9t\u00e9 intellectuelle. Ils sont la propri\u00e9t\u00e9 exclusive de Basin ChemEco SA ou utilis\u00e9s avec l\u2019autorisation de leurs titulaires. Toute reproduction ou utilisation non autoris\u00e9e est interdite.<\/p>\n\n\n\n<p><strong>Droit applicable et juridiction comp\u00e9tente<\/strong><br>L\u2019utilisation du site <a class=\"\" href=\"https:\/\/www.basin.be\">www.basin.be<\/a> est r\u00e9gie par le droit belge. En cas de litige, seuls les tribunaux de <strong>Courtrai<\/strong> sont comp\u00e9tents.<\/p>\n\n\n\n<p><strong>Protection des donn\u00e9es personnelles<\/strong><br>Pour plus d\u2019informations sur la mani\u00e8re dont nous collectons et utilisons vos donn\u00e9es personnelles, veuillez consulter notre [Politique de Confidentialit\u00e9](lien \u00e0 ins\u00e9rer).<\/p>\n\n\n\n<p><strong>Modification des mentions l\u00e9gales<\/strong><br>Basin ChemEco SA se r\u00e9serve le droit de modifier \u00e0 tout moment les pr\u00e9sentes mentions l\u00e9gales. Les utilisateurs sont invit\u00e9s \u00e0 les consulter r\u00e9guli\u00e8rement.<\/p>\n","protected":false},"excerpt":{"rendered":"<p>Identification de l\u2019entrepriseNom : Basin ChemEco SAAdresse : Gravestraat 7A, B-8750 Wingene, BELGIQUET\u00e9l\u00e9phone : +32 (0) 51 65 00 10E-mail : info@basin.beSite Web : www.basin.beNum\u00e9ro d\u2019entreprise (TVA) : BE0403.102.504Directeur de la publication : Alain Goldstein, CEO H\u00e9bergement du siteFournisseur : o2switchAdresse : Chemin des Pardiaux, 63000 Clermont-Ferrand, FRANCET\u00e9l\u00e9phone : +33 (0)4 44 44 60 40Site [&hellip;]<\/p>\n","protected":false},"author":1,"featured_media":0,"parent":0,"menu_order":0,"comment_status":"closed","ping_status":"closed","template":"","meta":{"_acf_changed":false,"_joinchat":[],"footnotes":""},"class_list":["post-23","page","type-page","status-publish","hentry"],"acf":[],"_links":{"self":[{"href":"https:\/\/basin.be\/nl\/wp-json\/wp\/v2\/pages\/23","targetHints":{"allow":["GET"]}}],"collection":[{"href":"https:\/\/basin.be\/nl\/wp-json\/wp\/v2\/pages"}],"about":[{"href":"https:\/\/basin.be\/nl\/wp-json\/wp\/v2\/types\/page"}],"author":[{"embeddable":true,"href":"https:\/\/basin.be\/nl\/wp-json\/wp\/v2\/users\/1"}],"replies":[{"embeddable":true,"href":"https:\/\/basin.be\/nl\/wp-json\/wp\/v2\/comments?post=23"}],"version-history":[{"count":0,"href":"https:\/\/basin.be\/nl\/wp-json\/wp\/v2\/pages\/23\/revisions"}],"wp:attachment":[{"href":"https:\/\/basin.be\/nl\/wp-json\/wp\/v2\/media?parent=23"}],"curies":[{"name":"wp","href":"https:\/\/api.w.org\/{rel}","templated":true}]}}