{"id":8613,"date":"2025-07-25T14:47:37","date_gmt":"2025-07-25T12:47:37","guid":{"rendered":"https:\/\/basin.be\/?page_id=8613"},"modified":"2025-07-25T14:52:45","modified_gmt":"2025-07-25T12:52:45","slug":"our-ranges","status":"publish","type":"page","link":"https:\/\/basin.be\/en\/nos-gammes\/","title":{"rendered":"Our ranges"},"content":{"rendered":"\t\t<div data-elementor-type=\"wp-page\" data-elementor-id=\"8613\" class=\"elementor elementor-8613\" data-elementor-post-type=\"page\">\n\t\t\t\t<div class=\"elementor-element elementor-element-0e269d6 e-con-full e-flex e-con e-parent\" data-id=\"0e269d6\" data-element_type=\"container\" data-e-type=\"container\">\n\t\t<div class=\"elementor-element elementor-element-1bb24f7 e-con-full e-flex e-con e-child\" data-id=\"1bb24f7\" data-element_type=\"container\" data-e-type=\"container\">\n\t\t\t\t<div class=\"elementor-element elementor-element-efb6a0b elementor-widget__width-auto elementor-widget elementor-widget-html\" data-id=\"efb6a0b\" data-element_type=\"widget\" data-e-type=\"widget\" data-widget_type=\"html.default\">\n\t\t\t\t<div class=\"elementor-widget-container\">\n\t\t\t\t\t<style>\r\n\/* Banni\u00e8re pleine largeur et hauteur ajustable *\/\r\n.banner {\r\n    position: relative;\r\n    width: 100vw; \/* Assure que la banni\u00e8re prend toute la largeur de l'\u00e9cran *\/\r\n    min-height: 30vh; \/* Hauteur minimale *\/\r\n    height: clamp(250px, 40vh, 400px); \/* Ajustable selon l'\u00e9cran *\/\r\n    background: url('https:\/\/basin.be\/wp-content\/uploads\/2025\/07\/d4ac1684-2ba6-4de1-bc17-8d215790dc21.jpg') \r\n        no-repeat center center \/ cover;\r\n    display: flex;\r\n    align-items: center;\r\n    justify-content: center;\r\n    text-align: center;\r\n    overflow: hidden;\r\n}\r\n\r\n\/* Effet de d\u00e9grad\u00e9 sombre pour am\u00e9liorer la lisibilit\u00e9 *\/\r\n.banner::before {\r\n    content: \"\";\r\n    position: absolute;\r\n    width: 100%;\r\n    height: 100%;\r\n    background: linear-gradient(to bottom, rgba(0, 0, 0, 0.3), rgba(0, 0, 0, 0.6));\r\n}\r\n\r\n\/* Texte principal *\/\r\n.banner h1 {\r\n    position: relative;\r\n    font-size: clamp(2rem, 5vw, 3.5rem); \/* S'adapte selon la taille de l'\u00e9cran *\/\r\n    font-weight: bold;\r\n    color: white;\r\n    text-transform: uppercase;\r\n    letter-spacing: 1px;\r\n    margin-bottom: 10px;\r\n    transition: transform 0.3s ease-out;\r\n}\r\n\r\n\/* Trait jaune sous le titre *\/\r\n.banner h1::after {\r\n    content: \"\";\r\n    display: block;\r\n    width: clamp(40px, 6vw, 80px); \/* Ajustement dynamique *\/\r\n    height: 4px;\r\n    background-color: #FBBA00;\r\n    margin: 10px auto 0 auto;\r\n    transition: width 0.3s ease-out;\r\n}\r\n\r\n\/* Animation au survol *\/\r\n.banner:hover h1 {\r\n    transform: scale(1.05);\r\n}\r\n\r\n.banner:hover h1::after {\r\n    width: clamp(50px, 8vw, 100px);\r\n}\r\n\r\n\/* Responsive *\/\r\n@media (max-width: 768px) {\r\n    .banner {\r\n        height: 25vh; \/* Hauteur ajust\u00e9e pour mobile *\/\r\n    }\r\n}\r\n<\/style>\r\n\r\n<div class=\"banner\">\r\n    <h1>Nos gammes<\/h1>\r\n<\/div>\r\n\t\t\t\t<\/div>\n\t\t\t\t<\/div>\n\t\t\t\t<\/div>\n\t\t<div class=\"elementor-element elementor-element-ba95433 e-flex e-con-boxed e-con e-child\" data-id=\"ba95433\" data-element_type=\"container\" data-e-type=\"container\">\n\t\t\t\t\t<div class=\"e-con-inner\">\n\t\t\t\t<div class=\"elementor-element elementor-element-fc10991 elementor-widget__width-initial elementor-widget elementor-widget-text-editor\" data-id=\"fc10991\" data-element_type=\"widget\" data-e-type=\"widget\" data-widget_type=\"text-editor.default\">\n\t\t\t\t<div class=\"elementor-widget-container\">\n\t\t\t\t\t\t\t\t\t<h3 data-start=\"52\" data-end=\"79\"><span style=\"font-size: 12pt;\">Des solutions bois professionnelles, de la pr\u00e9paration \u00e0 la finition. <\/span><span style=\"font-size: 12pt;\">Vernis, huiles, colles ou nettoyants : chaque gamme est con\u00e7ue pour garantir <strong data-start=\"228\" data-end=\"254\">performance, fiabilit\u00e9<\/strong> et <strong data-start=\"258\" data-end=\"284\">facilit\u00e9 d\u2019application<\/strong>, quel que soit votre projet.<\/span><br data-start=\"313\" data-end=\"316\" \/><span style=\"font-size: 12pt;\">Pour artisans, industriels ou professionnels exigeants.<\/span><\/h3>\t\t\t\t\t\t\t\t<\/div>\n\t\t\t\t<\/div>\n\t\t\t\t<div class=\"elementor-element elementor-element-bd59aff elementor-widget elementor-widget-woocommerce-breadcrumb\" data-id=\"bd59aff\" data-element_type=\"widget\" data-e-type=\"widget\" data-widget_type=\"woocommerce-breadcrumb.default\">\n\t\t\t\t<div class=\"elementor-widget-container\">\n\t\t\t\t\t<nav class=\"woocommerce-breadcrumb\" aria-label=\"Breadcrumb\">Home<\/nav>\t\t\t\t<\/div>\n\t\t\t\t<\/div>\n\t\t\t\t\t<\/div>\n\t\t\t\t<\/div>\n\t\t\t\t<\/div>\n\t\t<div class=\"elementor-element elementor-element-ca6534c e-flex e-con-boxed e-con e-parent\" data-id=\"ca6534c\" data-element_type=\"container\" data-e-type=\"container\">\n\t\t\t\t\t<div class=\"e-con-inner\">\n\t\t\t\t<div class=\"woocommerce elementor-element elementor-element-b370b04 elementor-grid-4 elementor-grid-tablet-3 elementor-grid-mobile-2 elementor-widget elementor-widget-loop-grid\" data-id=\"b370b04\" data-element_type=\"widget\" data-e-type=\"widget\" data-settings=\"{&quot;_skin&quot;:&quot;product_taxonomy&quot;,&quot;template_id&quot;:&quot;1787&quot;,&quot;columns&quot;:4,&quot;columns_tablet&quot;:3,&quot;columns_mobile&quot;:2,&quot;edit_handle_selector&quot;:&quot;[data-elementor-type=\\&quot;loop-item\\&quot;]&quot;,&quot;row_gap&quot;:{&quot;unit&quot;:&quot;px&quot;,&quot;size&quot;:&quot;&quot;,&quot;sizes&quot;:[]},&quot;row_gap_tablet&quot;:{&quot;unit&quot;:&quot;px&quot;,&quot;size&quot;:&quot;&quot;,&quot;sizes&quot;:[]},&quot;row_gap_mobile&quot;:{&quot;unit&quot;:&quot;px&quot;,&quot;size&quot;:&quot;&quot;,&quot;sizes&quot;:[]}}\" data-widget_type=\"loop-grid.product_taxonomy\">\n\t\t\t\t<div class=\"elementor-widget-container\">\n\t\t\t\t\t\t\t<div class=\"elementor-loop-container elementor-grid\" role=\"list\">\n\t\t<style id=\"loop-1787\">.elementor-1787 .elementor-element.elementor-element-c6ed8f2{--display:flex;--flex-direction:column;--container-widget-width:100%;--container-widget-height:initial;--container-widget-flex-grow:0;--container-widget-align-self:initial;--flex-wrap-mobile:wrap;border-style:none;--border-style:none;--border-radius:25px 25px 25px 25px;}.elementor-1787 .elementor-element.elementor-element-c6ed8f2.e-con{--flex-grow:0;--flex-shrink:0;}.elementor-widget-image .widget-image-caption{color:var( --e-global-color-text );font-family:var( --e-global-typography-text-font-family ), Sans-serif;font-weight:var( --e-global-typography-text-font-weight );}.elementor-1787 .elementor-element.elementor-element-05614a9:hover img{filter:brightness( 105% ) contrast( 100% ) saturate( 100% ) blur( 0px ) hue-rotate( 0deg );}.elementor-1787 .elementor-element.elementor-element-05614a9 img{transition-duration:0.1s;border-style:none;border-radius:20px 0px 20px 0px;}.elementor-widget-heading .elementor-heading-title{font-family:var( --e-global-typography-primary-font-family ), Sans-serif;font-weight:var( --e-global-typography-primary-font-weight );color:var( --e-global-color-primary );}.elementor-1787 .elementor-element.elementor-element-e318329 .elementor-heading-title{font-family:\"Poppins\", Sans-serif;font-size:19px;font-weight:400;color:var( --e-global-color-text );}.elementor-1787 .elementor-element.elementor-element-e318329 .elementor-heading-title a:hover, .elementor-1787 .elementor-element.elementor-element-e318329 .elementor-heading-title a:focus{color:var( --e-global-color-primary );}@media(min-width:768px){.elementor-1787 .elementor-element.elementor-element-c6ed8f2{--width:100%;}}@media(max-width:1024px) and (min-width:768px){.elementor-1787 .elementor-element.elementor-element-c6ed8f2{--width:100%;}}@media(max-width:1024px){.elementor-1787 .elementor-element.elementor-element-c6ed8f2{--gap:9px 0px;--row-gap:9px;--column-gap:0px;}.elementor-1787 .elementor-element.elementor-element-05614a9 img{width:100%;}.elementor-1787 .elementor-element.elementor-element-e318329 .elementor-heading-title{font-size:15px;}}@media(max-width:767px){.elementor-1787 .elementor-element.elementor-element-05614a9{text-align:start;}.elementor-1787 .elementor-element.elementor-element-05614a9 img{width:100%;border-radius:0px 0px 0px 0px;}}<\/style>\t\t<div data-elementor-type=\"loop-item\" data-elementor-id=\"1787\" class=\"elementor elementor-1787 e-loop-item e-loop-item-56 post-56 wp_font_face type-wp_font_face status-publish hentry\" data-elementor-post-type=\"elementor_library\" data-custom-edit-handle=\"1\">\n\t\t\t<div class=\"elementor-element elementor-element-c6ed8f2 e-con-full e-flex e-con e-parent\" data-id=\"c6ed8f2\" data-element_type=\"container\" data-e-type=\"container\">\n\t\t\t\t<div class=\"elementor-element elementor-element-e318329 elementor-widget elementor-widget-heading\" data-id=\"e318329\" data-element_type=\"widget\" data-e-type=\"widget\" data-widget_type=\"heading.default\">\n\t\t\t\t<div class=\"elementor-widget-container\">\n\t\t\t\t\t<h2 class=\"elementor-heading-title elementor-size-default\"><a href=\"https:\/\/basin.be\/en\/categorie-produit\/interieur\/\">Int\u00e9rieur<\/a><\/h2>\t\t\t\t<\/div>\n\t\t\t\t<\/div>\n\t\t\t\t<\/div>\n\t\t\t\t<\/div>\n\t\t\t\t<div data-elementor-type=\"loop-item\" data-elementor-id=\"1787\" class=\"elementor elementor-1787 e-loop-item e-loop-item-57 post-57 wp_font_face type-wp_font_face status-publish hentry\" data-elementor-post-type=\"elementor_library\" data-custom-edit-handle=\"1\">\n\t\t\t<div class=\"elementor-element elementor-element-c6ed8f2 e-con-full e-flex e-con e-parent\" data-id=\"c6ed8f2\" data-element_type=\"container\" data-e-type=\"container\">\n\t\t\t\t<div class=\"elementor-element elementor-element-05614a9 elementor-widget elementor-widget-image\" data-id=\"05614a9\" data-element_type=\"widget\" data-e-type=\"widget\" data-widget_type=\"image.default\">\n\t\t\t\t<div class=\"elementor-widget-container\">\n\t\t\t\t\t\t\t\t\t\t\t\t\t\t\t\t<a href=\"https:\/\/basin.be\/en\/categorie-produit\/exterieur\/\">\n\t\t\t\t\t\t\t<img fetchpriority=\"high\" decoding=\"async\" width=\"1024\" height=\"1024\" src=\"https:\/\/basin.be\/wp-content\/uploads\/2025\/07\/exterieur.jpg\" class=\"elementor-animation-bob attachment-full size-full wp-image-8322\" alt=\"\" srcset=\"https:\/\/basin.be\/wp-content\/uploads\/2025\/07\/exterieur.jpg 1024w, https:\/\/basin.be\/wp-content\/uploads\/2025\/07\/exterieur-300x300.jpg 300w, https:\/\/basin.be\/wp-content\/uploads\/2025\/07\/exterieur-150x150.jpg 150w, https:\/\/basin.be\/wp-content\/uploads\/2025\/07\/exterieur-768x768.jpg 768w, https:\/\/basin.be\/wp-content\/uploads\/2025\/07\/exterieur-600x600.jpg 600w, https:\/\/basin.be\/wp-content\/uploads\/2025\/07\/exterieur-100x100.jpg 100w, https:\/\/basin.be\/wp-content\/uploads\/2025\/07\/exterieur-64x64.jpg 64w\" sizes=\"(max-width: 1024px) 100vw, 1024px\" \/>\t\t\t\t\t\t\t\t<\/a>\n\t\t\t\t\t\t\t\t\t\t\t\t\t\t\t<\/div>\n\t\t\t\t<\/div>\n\t\t\t\t<div class=\"elementor-element elementor-element-e318329 elementor-widget elementor-widget-heading\" data-id=\"e318329\" data-element_type=\"widget\" data-e-type=\"widget\" data-widget_type=\"heading.default\">\n\t\t\t\t<div class=\"elementor-widget-container\">\n\t\t\t\t\t<h2 class=\"elementor-heading-title elementor-size-default\"><a href=\"https:\/\/basin.be\/en\/categorie-produit\/exterieur\/\">Ext\u00e9rieur<\/a><\/h2>\t\t\t\t<\/div>\n\t\t\t\t<\/div>\n\t\t\t\t<\/div>\n\t\t\t\t<\/div>\n\t\t\t\t<div data-elementor-type=\"loop-item\" data-elementor-id=\"1787\" class=\"elementor elementor-1787 e-loop-item e-loop-item-26 \" data-elementor-post-type=\"elementor_library\" data-custom-edit-handle=\"1\">\n\t\t\t<div class=\"elementor-element elementor-element-c6ed8f2 e-con-full e-flex e-con e-parent\" data-id=\"c6ed8f2\" data-element_type=\"container\" data-e-type=\"container\">\n\t\t\t\t<div class=\"elementor-element elementor-element-05614a9 elementor-widget elementor-widget-image\" data-id=\"05614a9\" data-element_type=\"widget\" data-e-type=\"widget\" data-widget_type=\"image.default\">\n\t\t\t\t<div class=\"elementor-widget-container\">\n\t\t\t\t\t\t\t\t\t\t\t\t\t\t\t\t<a href=\"https:\/\/basin.be\/en\/categorie-produit\/interieur\/entretien\/\">\n\t\t\t\t\t\t\t<img decoding=\"async\" width=\"1024\" height=\"1024\" src=\"https:\/\/basin.be\/wp-content\/uploads\/2025\/06\/3db49bfe-f26e-462a-a39a-508547831829.png\" class=\"elementor-animation-bob attachment-full size-full wp-image-7058\" alt=\"\" srcset=\"https:\/\/basin.be\/wp-content\/uploads\/2025\/06\/3db49bfe-f26e-462a-a39a-508547831829.png 1024w, https:\/\/basin.be\/wp-content\/uploads\/2025\/06\/3db49bfe-f26e-462a-a39a-508547831829-300x300.png 300w, https:\/\/basin.be\/wp-content\/uploads\/2025\/06\/3db49bfe-f26e-462a-a39a-508547831829-150x150.png 150w, https:\/\/basin.be\/wp-content\/uploads\/2025\/06\/3db49bfe-f26e-462a-a39a-508547831829-768x768.png 768w, https:\/\/basin.be\/wp-content\/uploads\/2025\/06\/3db49bfe-f26e-462a-a39a-508547831829-600x600.png 600w, https:\/\/basin.be\/wp-content\/uploads\/2025\/06\/3db49bfe-f26e-462a-a39a-508547831829-100x100.png 100w, https:\/\/basin.be\/wp-content\/uploads\/2025\/06\/3db49bfe-f26e-462a-a39a-508547831829-64x64.png 64w\" sizes=\"(max-width: 1024px) 100vw, 1024px\" \/>\t\t\t\t\t\t\t\t<\/a>\n\t\t\t\t\t\t\t\t\t\t\t\t\t\t\t<\/div>\n\t\t\t\t<\/div>\n\t\t\t\t<div class=\"elementor-element elementor-element-e318329 elementor-widget elementor-widget-heading\" data-id=\"e318329\" data-element_type=\"widget\" data-e-type=\"widget\" data-widget_type=\"heading.default\">\n\t\t\t\t<div class=\"elementor-widget-container\">\n\t\t\t\t\t<h2 class=\"elementor-heading-title elementor-size-default\"><a href=\"https:\/\/basin.be\/en\/categorie-produit\/interieur\/entretien\/\">Entretien<\/a><\/h2>\t\t\t\t<\/div>\n\t\t\t\t<\/div>\n\t\t\t\t<\/div>\n\t\t\t\t<\/div>\n\t\t\t\t<div data-elementor-type=\"loop-item\" data-elementor-id=\"1787\" class=\"elementor elementor-1787 e-loop-item e-loop-item-516 \" data-elementor-post-type=\"elementor_library\" data-custom-edit-handle=\"1\">\n\t\t\t<div class=\"elementor-element elementor-element-c6ed8f2 e-con-full e-flex e-con e-parent\" data-id=\"c6ed8f2\" data-element_type=\"container\" data-e-type=\"container\">\n\t\t\t\t<div class=\"elementor-element elementor-element-05614a9 elementor-widget elementor-widget-image\" data-id=\"05614a9\" data-element_type=\"widget\" data-e-type=\"widget\" data-widget_type=\"image.default\">\n\t\t\t\t<div class=\"elementor-widget-container\">\n\t\t\t\t\t\t\t\t\t\t\t\t\t\t\t\t<a href=\"https:\/\/basin.be\/en\/categorie-produit\/interieur\/finition\/basimax\/\">\n\t\t\t\t\t\t\t<img decoding=\"async\" width=\"1024\" height=\"1024\" src=\"https:\/\/basin.be\/wp-content\/uploads\/2025\/06\/ChatGPT-Image-23-juin-2025-16_08_48.jpg\" class=\"elementor-animation-bob attachment-full size-full wp-image-7567\" alt=\"\" srcset=\"https:\/\/basin.be\/wp-content\/uploads\/2025\/06\/ChatGPT-Image-23-juin-2025-16_08_48.jpg 1024w, https:\/\/basin.be\/wp-content\/uploads\/2025\/06\/ChatGPT-Image-23-juin-2025-16_08_48-300x300.jpg 300w, https:\/\/basin.be\/wp-content\/uploads\/2025\/06\/ChatGPT-Image-23-juin-2025-16_08_48-150x150.jpg 150w, https:\/\/basin.be\/wp-content\/uploads\/2025\/06\/ChatGPT-Image-23-juin-2025-16_08_48-768x768.jpg 768w, https:\/\/basin.be\/wp-content\/uploads\/2025\/06\/ChatGPT-Image-23-juin-2025-16_08_48-600x600.jpg 600w, https:\/\/basin.be\/wp-content\/uploads\/2025\/06\/ChatGPT-Image-23-juin-2025-16_08_48-100x100.jpg 100w, https:\/\/basin.be\/wp-content\/uploads\/2025\/06\/ChatGPT-Image-23-juin-2025-16_08_48-64x64.jpg 64w\" sizes=\"(max-width: 1024px) 100vw, 1024px\" \/>\t\t\t\t\t\t\t\t<\/a>\n\t\t\t\t\t\t\t\t\t\t\t\t\t\t\t<\/div>\n\t\t\t\t<\/div>\n\t\t\t\t<div class=\"elementor-element elementor-element-e318329 elementor-widget elementor-widget-heading\" data-id=\"e318329\" data-element_type=\"widget\" data-e-type=\"widget\" data-widget_type=\"heading.default\">\n\t\t\t\t<div class=\"elementor-widget-container\">\n\t\t\t\t\t<h2 class=\"elementor-heading-title elementor-size-default\"><a href=\"https:\/\/basin.be\/en\/categorie-produit\/interieur\/finition\/basimax\/\">Basimax<\/a><\/h2>\t\t\t\t<\/div>\n\t\t\t\t<\/div>\n\t\t\t\t<\/div>\n\t\t\t\t<\/div>\n\t\t\t\t<div data-elementor-type=\"loop-item\" data-elementor-id=\"1787\" class=\"elementor elementor-1787 e-loop-item e-loop-item-515 \" data-elementor-post-type=\"elementor_library\" data-custom-edit-handle=\"1\">\n\t\t\t<div class=\"elementor-element elementor-element-c6ed8f2 e-con-full e-flex e-con e-parent\" data-id=\"c6ed8f2\" data-element_type=\"container\" data-e-type=\"container\">\n\t\t\t\t<div class=\"elementor-element elementor-element-05614a9 elementor-widget elementor-widget-image\" data-id=\"05614a9\" data-element_type=\"widget\" data-e-type=\"widget\" data-widget_type=\"image.default\">\n\t\t\t\t<div class=\"elementor-widget-container\">\n\t\t\t\t\t\t\t\t\t\t\t\t\t\t\t\t<a href=\"https:\/\/basin.be\/en\/categorie-produit\/interieur\/teintes\/antico\/\">\n\t\t\t\t\t\t\t<img loading=\"lazy\" decoding=\"async\" width=\"1024\" height=\"1024\" src=\"https:\/\/basin.be\/wp-content\/uploads\/2025\/06\/ChatGPT-Image-18-juin-2025-14_40_18.png\" class=\"elementor-animation-bob attachment-full size-full wp-image-7144\" alt=\"\" srcset=\"https:\/\/basin.be\/wp-content\/uploads\/2025\/06\/ChatGPT-Image-18-juin-2025-14_40_18.png 1024w, https:\/\/basin.be\/wp-content\/uploads\/2025\/06\/ChatGPT-Image-18-juin-2025-14_40_18-300x300.png 300w, https:\/\/basin.be\/wp-content\/uploads\/2025\/06\/ChatGPT-Image-18-juin-2025-14_40_18-150x150.png 150w, https:\/\/basin.be\/wp-content\/uploads\/2025\/06\/ChatGPT-Image-18-juin-2025-14_40_18-768x768.png 768w, https:\/\/basin.be\/wp-content\/uploads\/2025\/06\/ChatGPT-Image-18-juin-2025-14_40_18-600x600.png 600w, https:\/\/basin.be\/wp-content\/uploads\/2025\/06\/ChatGPT-Image-18-juin-2025-14_40_18-100x100.png 100w, https:\/\/basin.be\/wp-content\/uploads\/2025\/06\/ChatGPT-Image-18-juin-2025-14_40_18-64x64.png 64w\" sizes=\"(max-width: 1024px) 100vw, 1024px\" \/>\t\t\t\t\t\t\t\t<\/a>\n\t\t\t\t\t\t\t\t\t\t\t\t\t\t\t<\/div>\n\t\t\t\t<\/div>\n\t\t\t\t<div class=\"elementor-element elementor-element-e318329 elementor-widget elementor-widget-heading\" data-id=\"e318329\" data-element_type=\"widget\" data-e-type=\"widget\" data-widget_type=\"heading.default\">\n\t\t\t\t<div class=\"elementor-widget-container\">\n\t\t\t\t\t<h2 class=\"elementor-heading-title elementor-size-default\"><a href=\"https:\/\/basin.be\/en\/categorie-produit\/interieur\/teintes\/antico\/\">Antico<\/a><\/h2>\t\t\t\t<\/div>\n\t\t\t\t<\/div>\n\t\t\t\t<\/div>\n\t\t\t\t<\/div>\n\t\t\t\t<\/div>\n\t\t\t\t\t\t<\/div>\n\t\t\t\t<\/div>\n\t\t\t\t\t<\/div>\n\t\t\t\t<\/div>\n\t\t\t\t<\/div>\n\t\t","protected":false},"excerpt":{"rendered":"<p>Our ranges Professional wood solutions, from preparation to finishing. Varnishes, oils, glues or cleaners: each range is designed to guarantee performance, reliability and ease of application, whatever your project, for craftsmen, industrialists or demanding professionals.<\/p>","protected":false},"author":1,"featured_media":0,"parent":0,"menu_order":0,"comment_status":"closed","ping_status":"closed","template":"","meta":{"_acf_changed":false,"_joinchat":[],"footnotes":""},"class_list":["post-8613","page","type-page","status-publish","hentry"],"acf":[],"_links":{"self":[{"href":"https:\/\/basin.be\/en\/wp-json\/wp\/v2\/pages\/8613","targetHints":{"allow":["GET"]}}],"collection":[{"href":"https:\/\/basin.be\/en\/wp-json\/wp\/v2\/pages"}],"about":[{"href":"https:\/\/basin.be\/en\/wp-json\/wp\/v2\/types\/page"}],"author":[{"embeddable":true,"href":"https:\/\/basin.be\/en\/wp-json\/wp\/v2\/users\/1"}],"replies":[{"embeddable":true,"href":"https:\/\/basin.be\/en\/wp-json\/wp\/v2\/comments?post=8613"}],"version-history":[{"count":0,"href":"https:\/\/basin.be\/en\/wp-json\/wp\/v2\/pages\/8613\/revisions"}],"wp:attachment":[{"href":"https:\/\/basin.be\/en\/wp-json\/wp\/v2\/media?parent=8613"}],"curies":[{"name":"wp","href":"https:\/\/api.w.org\/{rel}","templated":true}]}}