{"id":3306,"date":"2025-03-10T12:24:58","date_gmt":"2025-03-10T11:24:58","guid":{"rendered":"https:\/\/www.basin.be\/?page_id=3306"},"modified":"2025-12-27T17:53:09","modified_gmt":"2025-12-27T16:53:09","slug":"catalogs","status":"publish","type":"page","link":"https:\/\/basin.be\/en\/catalogues\/","title":{"rendered":"Catalogs"},"content":{"rendered":"<div data-elementor-type=\"wp-page\" data-elementor-id=\"3306\" class=\"elementor elementor-3306\" data-elementor-post-type=\"page\">\n\t\t\t\t<div class=\"elementor-element elementor-element-55dd539 e-con-full e-flex e-con e-parent\" data-id=\"55dd539\" data-element_type=\"container\" data-e-type=\"container\">\n\t\t\t\t<div class=\"elementor-element elementor-element-0258cef elementor-widget elementor-widget-html\" data-id=\"0258cef\" data-element_type=\"widget\" data-e-type=\"widget\" data-widget_type=\"html.default\">\n\t\t\t\t<div class=\"elementor-widget-container\">\n\t\t\t\t\t<style>\n\/* Banni\u00e8re pleine largeur *\/\n.banner {\n    position: relative;\n    width: 100%;\n    height: 350px;\n    background: url('https:\/\/www.basin.be\/wp-content\/uploads\/2025\/05\/empty-room-with-window-2025-02-10-10-04-25-utc.jpg') \n        no-repeat center 60% \/ cover; \/* Focus visuel vers le bas (parquet) *\/\n    display: flex;\n    align-items: center;\n    justify-content: center;\n    text-align: center;\n    overflow: hidden;\n}\n\n\/* D\u00e9grad\u00e9 sombre pour lisibilit\u00e9 *\/\n.banner::before {\n    content: \"\";\n    position: absolute;\n    width: 100%;\n    height: 100%;\n    background: linear-gradient(to bottom, rgba(0, 0, 0, 0.3), rgba(0, 0, 0, 0.6));\n}\n\n\/* Titre principal *\/\n.banner h1 {\n    position: relative;\n    font-size: 3rem;\n    font-weight: bold;\n    color: white;\n    text-transform: uppercase;\n    letter-spacing: 1px;\n    margin-bottom: 10px;\n    transition: transform 0.3s ease-out;\n}\n\n\/* Trait jaune sous le titre *\/\n.banner h1::after {\n    content: \"\";\n    display: block;\n    width: 60px;\n    height: 4px;\n    background-color: #FBBA00;\n    margin: 10px auto 0 auto;\n    transition: width 0.3s ease-out;\n}\n\n\/* Animation au survol *\/\n.banner:hover h1 {\n    transform: scale(1.05);\n}\n\n.banner:hover h1::after {\n    width: 80px;\n}\n\n\/* Responsive *\/\n@media (max-width: 768px) {\n    .banner {\n        height: 250px;\n        background-position: center 55%;\n    }\n\n    .banner h1 {\n        font-size: 2rem;\n    }\n\n    .banner h1::after {\n        width: 40px;\n    }\n}\n<\/style>\n\n<div class=\"banner\">\n    <h1>Our catalogs<\/h1>\n<\/div>\n\t\t\t\t<\/div>\n\t\t\t\t<\/div>\n\t\t\t\t<\/div>\n\t\t<div class=\"elementor-element elementor-element-e127c05 e-flex e-con-boxed e-con e-parent\" data-id=\"e127c05\" data-element_type=\"container\" data-e-type=\"container\">\n\t\t\t\t\t<div class=\"e-con-inner\">\n\t\t\t\t<div class=\"elementor-element elementor-element-43078cb elementor-widget__width-initial elementor-widget elementor-widget-text-editor\" data-id=\"43078cb\" data-element_type=\"widget\" data-e-type=\"widget\" data-widget_type=\"text-editor.default\">\n\t\t\t\t<div class=\"elementor-widget-container\">\n\t\t\t\t\t\t\t\t\t<p>Here you'll find all our technical catalogs, price lists and accessories. Browse them online or download them to discover all our professional woodworking solutions.<\/p>\t\t\t\t\t\t\t\t<\/div>\n\t\t\t\t<\/div>\n\t\t\t\t<div class=\"elementor-element elementor-element-9d9191f elementor-widget elementor-widget-woocommerce-breadcrumb\" data-id=\"9d9191f\" data-element_type=\"widget\" data-e-type=\"widget\" data-widget_type=\"woocommerce-breadcrumb.default\">\n\t\t\t\t<div class=\"elementor-widget-container\">\n\t\t\t\t\t<nav class=\"woocommerce-breadcrumb\" aria-label=\"Breadcrumb\" data-no-translation=\"\" data-trp-gettext=\"\">Home<\/nav>\t\t\t\t<\/div>\n\t\t\t\t<\/div>\n\t\t\t\t\t<\/div>\n\t\t\t\t<\/div>\n\t\t<div class=\"elementor-element elementor-element-49828ac e-grid e-con-boxed e-con e-parent\" data-id=\"49828ac\" data-element_type=\"container\" data-e-type=\"container\">\n\t\t\t\t\t<div class=\"e-con-inner\">\n\t\t<div class=\"elementor-element elementor-element-0392dba e-con-full e-flex e-con e-child\" data-id=\"0392dba\" data-element_type=\"container\" data-e-type=\"container\" data-settings=\"{&quot;background_background&quot;:&quot;classic&quot;}\">\n\t\t\t\t<div class=\"elementor-element elementor-element-dc6b0d5 elementor-position-top elementor-widget elementor-widget-image-box\" data-id=\"dc6b0d5\" data-element_type=\"widget\" data-e-type=\"widget\" data-widget_type=\"image-box.default\">\n\t\t\t\t<div class=\"elementor-widget-container\">\n\t\t\t\t\t<div class=\"elementor-image-box-wrapper\"><figure class=\"elementor-image-box-img\"><img fetchpriority=\"high\" decoding=\"async\" width=\"2000\" height=\"1127\" src=\"https:\/\/basin.be\/wp-content\/uploads\/2025\/07\/Catalogue-gamme-exterieur-e1751385448405.jpg\" class=\"attachment-full size-full wp-image-7988\" alt=\"\" srcset=\"https:\/\/basin.be\/wp-content\/uploads\/2025\/07\/Catalogue-gamme-exterieur-e1751385448405.jpg 2000w, https:\/\/basin.be\/wp-content\/uploads\/2025\/07\/Catalogue-gamme-exterieur-e1751385448405-300x169.jpg 300w, https:\/\/basin.be\/wp-content\/uploads\/2025\/07\/Catalogue-gamme-exterieur-e1751385448405-1024x577.jpg 1024w, https:\/\/basin.be\/wp-content\/uploads\/2025\/07\/Catalogue-gamme-exterieur-e1751385448405-768x433.jpg 768w, https:\/\/basin.be\/wp-content\/uploads\/2025\/07\/Catalogue-gamme-exterieur-e1751385448405-1536x866.jpg 1536w, https:\/\/basin.be\/wp-content\/uploads\/2025\/07\/Catalogue-gamme-exterieur-e1751385448405-600x338.jpg 600w, https:\/\/basin.be\/wp-content\/uploads\/2025\/07\/Catalogue-gamme-exterieur-e1751385448405-64x36.jpg 64w\" sizes=\"(max-width: 2000px) 100vw, 2000px\" \/><\/figure><div class=\"elementor-image-box-content\"><h2 class=\"elementor-image-box-title\">Exterior wood products<\/h2><p class=\"elementor-image-box-description\">Protect and enhance your outdoor woodwork with our selection of high-performance finishes: varnishes, saturators, oils and cleaners for every surface. Durable, attractive and easy-to-apply solutions.\n\n<\/p><\/div><\/div>\t\t\t\t<\/div>\n\t\t\t\t<\/div>\n\t\t\t\t<div class=\"elementor-element elementor-element-0346e44 elementor-widget elementor-widget-html\" data-id=\"0346e44\" data-element_type=\"widget\" data-e-type=\"widget\" data-widget_type=\"html.default\">\n\t\t\t\t<div class=\"elementor-widget-container\">\n\t\t\t\t\t<div class=\"select-langue-catalogue\">\n  <label for=\"catalogue-langue\">Choose the catalog language :<\/label>\n  <select id=\"catalogue-langue\" onchange=\"window.open(this.value, '_blank')\">\n    <option value=\"\">- Select -<\/option>\n    <option value=\"https:\/\/basin.be\/3d-flip-book\/catalogue-gamme-exterieure\/\">French<\/option>\n    <option value=\"https:\/\/basin.be\/3d-flip-book\/productgamma-voor-buitenhout\/\"> Nederlands<\/option>\n  <\/select>\n<\/div>\n\t\t\t\t<\/div>\n\t\t\t\t<\/div>\n\t\t\t\t<\/div>\n\t\t<div class=\"elementor-element elementor-element-274da26 e-con-full e-flex e-con e-child\" data-id=\"274da26\" data-element_type=\"container\" data-e-type=\"container\" data-settings=\"{&quot;background_background&quot;:&quot;classic&quot;}\">\n\t\t\t\t<div class=\"elementor-element elementor-element-5b243e0 elementor-position-top elementor-widget elementor-widget-image-box\" data-id=\"5b243e0\" data-element_type=\"widget\" data-e-type=\"widget\" data-widget_type=\"image-box.default\">\n\t\t\t\t<div class=\"elementor-widget-container\">\n\t\t\t\t\t<div class=\"elementor-image-box-wrapper\"><figure class=\"elementor-image-box-img\"><img decoding=\"async\" width=\"2000\" height=\"1127\" src=\"https:\/\/basin.be\/wp-content\/uploads\/2025\/05\/No-visible_-e1748355249390.jpg\" class=\"attachment-full size-full wp-image-5820\" alt=\"\" srcset=\"https:\/\/basin.be\/wp-content\/uploads\/2025\/05\/No-visible_-e1748355249390.jpg 2000w, https:\/\/basin.be\/wp-content\/uploads\/2025\/05\/No-visible_-e1748355249390-300x169.jpg 300w, https:\/\/basin.be\/wp-content\/uploads\/2025\/05\/No-visible_-e1748355249390-1024x577.jpg 1024w, https:\/\/basin.be\/wp-content\/uploads\/2025\/05\/No-visible_-e1748355249390-768x433.jpg 768w, https:\/\/basin.be\/wp-content\/uploads\/2025\/05\/No-visible_-e1748355249390-1536x865.jpg 1536w, https:\/\/basin.be\/wp-content\/uploads\/2025\/05\/No-visible_-e1748355249390-2048x1154.jpg 2048w, https:\/\/basin.be\/wp-content\/uploads\/2025\/05\/No-visible_-e1748355249390-600x338.jpg 600w, https:\/\/basin.be\/wp-content\/uploads\/2025\/05\/No-visible_-e1748355249390-64x36.jpg 64w\" sizes=\"(max-width: 2000px) 100vw, 2000px\" \/><\/figure><div class=\"elementor-image-box-content\"><h2 class=\"elementor-image-box-title\">NO VISIBLE range<\/h2><p class=\"elementor-image-box-description\">An ultra-matt finish that won't yellow over time: ideal for preserving the natural charm of wood.<br><br>Choose the NO VISIBLE range for discreet, long-lasting results that are easy to apply in just a few steps.<\/p><\/div><\/div>\t\t\t\t<\/div>\n\t\t\t\t<\/div>\n\t\t\t\t<div class=\"elementor-element elementor-element-4ca4c66 elementor-widget elementor-widget-html\" data-id=\"4ca4c66\" data-element_type=\"widget\" data-e-type=\"widget\" data-widget_type=\"html.default\">\n\t\t\t\t<div class=\"elementor-widget-container\">\n\t\t\t\t\t<div class=\"select-langue-catalogue\">\n  <label for=\"catalogue-langue\">Choose the catalog language :<\/label>\n  <select id=\"catalogue-langue\" onchange=\"window.open(this.value, '_blank')\">\n    <option value=\"\">- Select -<\/option>\n    <option value=\"https:\/\/basin.be\/3d-flip-book\/no-visible-3\/\">French<\/option>\n    <option value=\"https:\/\/basin.be\/3d-flip-book\/no-visible-2\/\"> English<\/option>\n    <option value=\"https:\/\/www.basin.be\/wp-content\/uploads\/2025\/05\/Gamme-No-visible-NL.pdf\"> Nederlands<\/option>\n  <\/select>\n<\/div>\n\t\t\t\t<\/div>\n\t\t\t\t<\/div>\n\t\t\t\t<\/div>\n\t\t<div class=\"elementor-element elementor-element-5fa810f e-con-full e-flex e-con e-child\" data-id=\"5fa810f\" data-element_type=\"container\" data-e-type=\"container\" data-settings=\"{&quot;background_background&quot;:&quot;classic&quot;}\">\n\t\t\t\t<div class=\"elementor-element elementor-element-4611c60 elementor-position-top elementor-widget elementor-widget-image-box\" data-id=\"4611c60\" data-element_type=\"widget\" data-e-type=\"widget\" data-widget_type=\"image-box.default\">\n\t\t\t\t<div class=\"elementor-widget-container\">\n\t\t\t\t\t<div class=\"elementor-image-box-wrapper\"><figure class=\"elementor-image-box-img\"><img decoding=\"async\" width=\"2000\" height=\"1123\" src=\"https:\/\/basin.be\/wp-content\/uploads\/2025\/05\/Psd-2-e1748349259626.jpg\" class=\"attachment-full size-full wp-image-5812\" alt=\"\" srcset=\"https:\/\/basin.be\/wp-content\/uploads\/2025\/05\/Psd-2-e1748349259626.jpg 2000w, https:\/\/basin.be\/wp-content\/uploads\/2025\/05\/Psd-2-e1748349259626-300x168.jpg 300w, https:\/\/basin.be\/wp-content\/uploads\/2025\/05\/Psd-2-e1748349259626-1024x575.jpg 1024w, https:\/\/basin.be\/wp-content\/uploads\/2025\/05\/Psd-2-e1748349259626-768x431.jpg 768w, https:\/\/basin.be\/wp-content\/uploads\/2025\/05\/Psd-2-e1748349259626-1536x862.jpg 1536w, https:\/\/basin.be\/wp-content\/uploads\/2025\/05\/Psd-2-e1748349259626-2048x1150.jpg 2048w, https:\/\/basin.be\/wp-content\/uploads\/2025\/05\/Psd-2-e1748349259626-600x337.jpg 600w, https:\/\/basin.be\/wp-content\/uploads\/2025\/05\/Psd-2-e1748349259626-64x36.jpg 64w\" sizes=\"(max-width: 2000px) 100vw, 2000px\" \/><\/figure><div class=\"elementor-image-box-content\"><h2 class=\"elementor-image-box-title\">2026 rates<\/h2><p class=\"elementor-image-box-description\">This catalog contains all the 2025 price lists for the Basin range.\nFind our technical and decorative products, with their packaging, retail prices and essential information to help you make the right choice in complete transparency.<\/p><\/div><\/div>\t\t\t\t<\/div>\n\t\t\t\t<\/div>\n\t\t\t\t<div class=\"elementor-element elementor-element-9d92c30 elementor-widget elementor-widget-html\" data-id=\"9d92c30\" data-element_type=\"widget\" data-e-type=\"widget\" data-widget_type=\"html.default\">\n\t\t\t\t<div class=\"elementor-widget-container\">\n\t\t\t\t\t<div class=\"select-langue-catalogue\">\n  <label for=\"catalogue-langue\">Choose the catalog language :<\/label>\n  <select id=\"catalogue-langue\" onchange=\"window.open(this.value, '_blank')\">\n    <option value=\"\">- Select -<\/option>\n    <option value=\"https:\/\/basin.be\/3d-flip-book\/tarifs-fr\/\">French<\/option>\n    <option value=\"https:\/\/basin.be\/3d-flip-book\/tarieven-nl-2\/\"> Nederlands<\/option>\n  <\/select>\n<\/div>\n\t\t\t\t<\/div>\n\t\t\t\t<\/div>\n\t\t\t\t<\/div>\n\t\t<div class=\"elementor-element elementor-element-7330f29 e-con-full e-flex e-con e-child\" data-id=\"7330f29\" data-element_type=\"container\" data-e-type=\"container\" data-settings=\"{&quot;background_background&quot;:&quot;classic&quot;}\">\n\t\t\t\t<div class=\"elementor-element elementor-element-049ee70 elementor-position-top elementor-widget elementor-widget-image-box\" data-id=\"049ee70\" data-element_type=\"widget\" data-e-type=\"widget\" data-widget_type=\"image-box.default\">\n\t\t\t\t<div class=\"elementor-widget-container\">\n\t\t\t\t\t<div class=\"elementor-image-box-wrapper\"><figure class=\"elementor-image-box-img\"><img loading=\"lazy\" decoding=\"async\" width=\"2000\" height=\"1127\" src=\"https:\/\/basin.be\/wp-content\/uploads\/2025\/05\/Accessoires-e1748355842896.jpg\" class=\"attachment-full size-full wp-image-5821\" alt=\"\" srcset=\"https:\/\/basin.be\/wp-content\/uploads\/2025\/05\/Accessoires-e1748355842896.jpg 2000w, https:\/\/basin.be\/wp-content\/uploads\/2025\/05\/Accessoires-e1748355842896-300x169.jpg 300w, https:\/\/basin.be\/wp-content\/uploads\/2025\/05\/Accessoires-e1748355842896-1024x577.jpg 1024w, https:\/\/basin.be\/wp-content\/uploads\/2025\/05\/Accessoires-e1748355842896-768x433.jpg 768w, https:\/\/basin.be\/wp-content\/uploads\/2025\/05\/Accessoires-e1748355842896-1536x865.jpg 1536w, https:\/\/basin.be\/wp-content\/uploads\/2025\/05\/Accessoires-e1748355842896-2048x1154.jpg 2048w, https:\/\/basin.be\/wp-content\/uploads\/2025\/05\/Accessoires-e1748355842896-600x338.jpg 600w, https:\/\/basin.be\/wp-content\/uploads\/2025\/05\/Accessoires-e1748355842896-64x36.jpg 64w\" sizes=\"(max-width: 2000px) 100vw, 2000px\" \/><\/figure><div class=\"elementor-image-box-content\"><h2 class=\"elementor-image-box-title\">Accessories 2025<\/h2><p class=\"elementor-image-box-description\">This catalog contains all the professional accessories you need to apply our oils, varnishes and treatment products: brushes, rollers, pads, cloths, buckets...\nThe right tool, for optimum results and time-savings at every stage.<\/p><\/div><\/div>\t\t\t\t<\/div>\n\t\t\t\t<\/div>\n\t\t\t\t<div class=\"elementor-element elementor-element-0e1f72f elementor-widget elementor-widget-html\" data-id=\"0e1f72f\" data-element_type=\"widget\" data-e-type=\"widget\" data-widget_type=\"html.default\">\n\t\t\t\t<div class=\"elementor-widget-container\">\n\t\t\t\t\t<div class=\"select-langue-catalogue\">\n  <label for=\"catalogue-langue\">Choose the catalog language :<\/label>\n  <select id=\"catalogue-langue\" onchange=\"window.open(this.value, '_blank')\">\n    <option value=\"\">- Select -<\/option>\n    <option value=\"https:\/\/basin.be\/3d-flip-book\/catalogue-accessoires\/\">French<\/option>\n    <option value=\"https:\/\/basin.be\/3d-flip-book\/catalogus-accessoires-nl\/\"> Neederlands<\/option>\n  <\/select>\n<\/div>\n\t\t\t\t<\/div>\n\t\t\t\t<\/div>\n\t\t\t\t<\/div>\n\t\t<div class=\"elementor-element elementor-element-9cf087b e-con-full e-flex e-con e-child\" data-id=\"9cf087b\" data-element_type=\"container\" data-e-type=\"container\" data-settings=\"{&quot;background_background&quot;:&quot;classic&quot;}\">\n\t\t\t\t<div class=\"elementor-element elementor-element-c005394 elementor-position-top elementor-widget elementor-widget-image-box\" data-id=\"c005394\" data-element_type=\"widget\" data-e-type=\"widget\" data-widget_type=\"image-box.default\">\n\t\t\t\t<div class=\"elementor-widget-container\">\n\t\t\t\t\t<div class=\"elementor-image-box-wrapper\"><figure class=\"elementor-image-box-img\"><img loading=\"lazy\" decoding=\"async\" width=\"2000\" height=\"1127\" src=\"https:\/\/basin.be\/wp-content\/uploads\/2025\/06\/Mockup-Basibond-e1751385517610.jpg\" class=\"attachment-full size-full wp-image-7726\" alt=\"\" srcset=\"https:\/\/basin.be\/wp-content\/uploads\/2025\/06\/Mockup-Basibond-e1751385517610.jpg 2000w, https:\/\/basin.be\/wp-content\/uploads\/2025\/06\/Mockup-Basibond-e1751385517610-300x169.jpg 300w, https:\/\/basin.be\/wp-content\/uploads\/2025\/06\/Mockup-Basibond-e1751385517610-1024x577.jpg 1024w, https:\/\/basin.be\/wp-content\/uploads\/2025\/06\/Mockup-Basibond-e1751385517610-768x433.jpg 768w, https:\/\/basin.be\/wp-content\/uploads\/2025\/06\/Mockup-Basibond-e1751385517610-1536x866.jpg 1536w, https:\/\/basin.be\/wp-content\/uploads\/2025\/06\/Mockup-Basibond-e1751385517610-600x338.jpg 600w, https:\/\/basin.be\/wp-content\/uploads\/2025\/06\/Mockup-Basibond-e1751385517610-64x36.jpg 64w\" sizes=\"(max-width: 2000px) 100vw, 2000px\" \/><\/figure><div class=\"elementor-image-box-content\"><h2 class=\"elementor-image-box-title\">Basibond<\/h2><p class=\"elementor-image-box-description\">Introducing the Basibond gluing system, a fast, clean and ergonomic solution for laying parquet with STP-850 adhesive. Find out more about technical info, advantages and pack contents.\n\n<\/p><\/div><\/div>\t\t\t\t<\/div>\n\t\t\t\t<\/div>\n\t\t\t\t<div class=\"elementor-element elementor-element-aea297e elementor-widget elementor-widget-html\" data-id=\"aea297e\" data-element_type=\"widget\" data-e-type=\"widget\" data-widget_type=\"html.default\">\n\t\t\t\t<div class=\"elementor-widget-container\">\n\t\t\t\t\t<div class=\"select-langue-catalogue\">\n  <label for=\"catalogue-langue\">Choose the catalog language :<\/label>\n  <select id=\"catalogue-langue\" onchange=\"window.open(this.value, '_blank')\">\n    <option value=\"\">- Select -<\/option>\n    <option value=\"https:\/\/basin.be\/3d-flip-book\/flyer-basibond-fr\/\">French<\/option>\n    <option value=\"https:\/\/basin.be\/3d-flip-book\/flyer-basibond-nl\/\"> Neederlands<\/option>\n  <\/select>\n<\/div>\n\t\t\t\t<\/div>\n\t\t\t\t<\/div>\n\t\t\t\t<\/div>\n\t\t\t\t\t<\/div>\n\t\t\t\t<\/div>\n\t\t\t\t<\/div>","protected":false},"excerpt":{"rendered":"<p>Nos catalogues Retrouvez ici l\u2019ensemble de nos catalogues techniques, tarifs et accessoires. Feuilletez-les en ligne ou t\u00e9l\u00e9chargez-les pour d\u00e9couvrir toutes nos solutions professionnelles pour le bois. Produits pour bois ext\u00e9rieur Prot\u00e9gez et valorisez vos bois ext\u00e9rieurs gr\u00e2ce \u00e0 notre s\u00e9lection de finitions hautes performances : vernis, saturateurs, huiles et nettoyants adapt\u00e9s \u00e0 chaque surface. Des [&hellip;]<\/p>\n","protected":false},"author":3,"featured_media":0,"parent":0,"menu_order":0,"comment_status":"closed","ping_status":"closed","template":"elementor_header_footer","meta":{"_acf_changed":false,"_joinchat":[],"footnotes":""},"class_list":["post-3306","page","type-page","status-publish","hentry"],"acf":[],"_links":{"self":[{"href":"https:\/\/basin.be\/en\/wp-json\/wp\/v2\/pages\/3306","targetHints":{"allow":["GET"]}}],"collection":[{"href":"https:\/\/basin.be\/en\/wp-json\/wp\/v2\/pages"}],"about":[{"href":"https:\/\/basin.be\/en\/wp-json\/wp\/v2\/types\/page"}],"author":[{"embeddable":true,"href":"https:\/\/basin.be\/en\/wp-json\/wp\/v2\/users\/3"}],"replies":[{"embeddable":true,"href":"https:\/\/basin.be\/en\/wp-json\/wp\/v2\/comments?post=3306"}],"version-history":[{"count":9,"href":"https:\/\/basin.be\/en\/wp-json\/wp\/v2\/pages\/3306\/revisions"}],"predecessor-version":[{"id":10823,"href":"https:\/\/basin.be\/en\/wp-json\/wp\/v2\/pages\/3306\/revisions\/10823"}],"wp:attachment":[{"href":"https:\/\/basin.be\/en\/wp-json\/wp\/v2\/media?parent=3306"}],"curies":[{"name":"wp","href":"https:\/\/api.w.org\/{rel}","templated":true}]}}